{"id":1471,"date":"2026-03-17T13:33:44","date_gmt":"2026-03-17T13:33:44","guid":{"rendered":"http:\/\/rvokxtc.cluster121.hosting.ovh.net\/?post_type=product&#038;p=1471"},"modified":"2026-03-23T02:22:39","modified_gmt":"2026-03-23T01:22:39","slug":"pmcl-ac55ts","status":"publish","type":"product","link":"https:\/\/nouveltica.com\/fr\/produit\/pmcl-ac55ts\/","title":{"rendered":"PMCL-AC55TS"},"content":{"rendered":"<p><em>PMCL-AC55TS: Pointe AFM de remplacement OMCL-AC55TS*<\/em><\/p>\n<p><em><span style=\"color: #ff0000;\">Cette pointe PMCL-AC55TS est con\u00e7ue comme un remplacement direct pour les <strong>microleviers de la s\u00e9rie OLYMPUS OMCL-AC55<\/strong>, assurant une compatibilit\u00e9 parfaite avec la plupart des syst\u00e8mes AFM configur\u00e9s pour les pointes de type Olympus.<\/span><\/em> Ce mod\u00e8le pr\u00e9sente une fr\u00e9quence de r\u00e9sonance \u00e9lev\u00e9e dans la gamme des m\u00e9gahertz et un faible bruit thermique, permettant des mesures \u00e0 haute vitesse et haute r\u00e9solution des interfaces liquide-solide.<\/p>\n<h4>Caract\u00e9ristiques principales<\/h4>\n<p><strong>Pointe effil\u00e9e pour l'imagerie haute r\u00e9solution<\/strong><br \/>\nLa g\u00e9om\u00e9trie t\u00e9tra\u00e9drique de la sonde offre une pointe effil\u00e9e et constamment ac\u00e9r\u00e9e. L'apex est aff\u00fbt\u00e9 sur plus de 1 \u00b5m, permettant une imagerie de surface haute r\u00e9solution.<\/p>\n<p><strong>Structure d'alignement TipView<\/strong><br \/>\nLa sonde est positionn\u00e9e \u00e0 l'extr\u00e9mit\u00e9 du levier, garantissant que l'apex de la pointe reste enti\u00e8rement visible sous un microscope optique pour un positionnement pr\u00e9cis.<\/p>\n<p><strong>Silicium dop\u00e9 de type n \u00e0 faible r\u00e9sistivit\u00e9<\/strong><br \/>\nLe levier est fabriqu\u00e9 \u00e0 partir de silicium dop\u00e9 de type n avec une tr\u00e8s faible r\u00e9sistivit\u00e9 (0,01\u20130,02 \u03a9\u00b7cm). Cela am\u00e9liore consid\u00e9rablement la conductivit\u00e9 \u00e9lectrique et permet d'utiliser la sonde pour des mesures \u00e9lectriques telles que la cartographie du potentiel de surface et d'autres applications AFM conductrices.<\/p>\n<p><strong>Faible bruit thermique pour l'imagerie \u00e0 haute vitesse et haute r\u00e9solution<\/strong><br \/>\nGr\u00e2ce \u00e0 une fr\u00e9quence de r\u00e9sonance \u00e9lev\u00e9e et un faible bruit thermique, la PMCL-AC55TS permet un fonctionnement AFM \u00e0 haute vitesse avec une r\u00e9solution exceptionnelle. Elle est bien adapt\u00e9e aux \u00e9tudes de mat\u00e9riaux avanc\u00e9s, y compris les mesures d'interfaces liquide-solide.<\/p>\n<p><strong>Rev\u00eatement r\u00e9fl\u00e9chissant Or\/Chrome<\/strong><br \/>\nLa face r\u00e9fl\u00e9chissante du levier est rev\u00eatue d'or-chrome pour assurer une r\u00e9flectivit\u00e9 optique \u00e9lev\u00e9e pour le syst\u00e8me de d\u00e9tection laser AFM. Les rev\u00eatements en or offrent une stabilit\u00e9 chimique am\u00e9lior\u00e9e par rapport aux rev\u00eatements conventionnels en aluminium et peuvent offrir des performances accrues dans des environnements sp\u00e9cialis\u00e9s.<\/p>\n<p>\u2013<\/p>\n<p>*Avec l'arr\u00eat des pointes AFM de la s\u00e9rie OMCL par <a href=\"https:\/\/www.olympus-global.com\/products\/\" target=\"_blank\" rel=\"noopener\">Olympus Corporation<\/a>, Nouveltica propose des alternatives enti\u00e8rement compatibles pour assurer la continuit\u00e9 des mesures AFM.<br \/>\nVoir toutes nos poines AFM de remplacement OLYMPUS : <a href=\"https:\/\/nouveltica.com\/products\/\"><strong>Produits<\/strong><\/a><\/p>","protected":false},"excerpt":{"rendered":"<p>Rev\u00eatement d'or face reflex<br \/>\nFr\u00e9quence de r\u00e9sonance (F) : <strong>1125 kHz<\/strong><br \/>\nConstante du raideur (K) : <strong>85 N\/m<\/strong><\/p>\n<p><em>Vendu en paquets de 25<\/em><\/p>","protected":false},"featured_media":1877,"comment_status":"closed","ping_status":"closed","template":"","meta":[],"product_brand":[46],"product_cat":[47,67,49,78,75,70,48,82,68],"product_tag":[76,74,73,79],"class_list":{"0":"post-1471","1":"product","2":"type-product","3":"status-publish","4":"has-post-thumbnail","6":"product_brand-pyramid","7":"product_cat-afm-modes","8":"product_cat-applications","9":"product_cat-contact-mode","10":"product_cat-high-speed-scanning","11":"product_cat-in-fluid-imaging","12":"product_cat-bio","13":"product_cat-non-contact-tapping-mode","14":"product_cat-product-category","15":"product_cat-topo","16":"product_tag-fluid","17":"product_tag-gold-coated","18":"product_tag-tipview","19":"product_tag-ultra-high-frequency","21":"first","22":"instock","23":"shipping-taxable","24":"product-type-external"},"_links":{"self":[{"href":"https:\/\/nouveltica.com\/fr\/wp-json\/wp\/v2\/product\/1471","targetHints":{"allow":["GET"]}}],"collection":[{"href":"https:\/\/nouveltica.com\/fr\/wp-json\/wp\/v2\/product"}],"about":[{"href":"https:\/\/nouveltica.com\/fr\/wp-json\/wp\/v2\/types\/product"}],"replies":[{"embeddable":true,"href":"https:\/\/nouveltica.com\/fr\/wp-json\/wp\/v2\/comments?post=1471"}],"version-history":[{"count":0,"href":"https:\/\/nouveltica.com\/fr\/wp-json\/wp\/v2\/product\/1471\/revisions"}],"wp:featuredmedia":[{"embeddable":true,"href":"https:\/\/nouveltica.com\/fr\/wp-json\/wp\/v2\/media\/1877"}],"wp:attachment":[{"href":"https:\/\/nouveltica.com\/fr\/wp-json\/wp\/v2\/media?parent=1471"}],"wp:term":[{"taxonomy":"product_brand","embeddable":true,"href":"https:\/\/nouveltica.com\/fr\/wp-json\/wp\/v2\/product_brand?post=1471"},{"taxonomy":"product_cat","embeddable":true,"href":"https:\/\/nouveltica.com\/fr\/wp-json\/wp\/v2\/product_cat?post=1471"},{"taxonomy":"product_tag","embeddable":true,"href":"https:\/\/nouveltica.com\/fr\/wp-json\/wp\/v2\/product_tag?post=1471"}],"curies":[{"name":"WordPress","href":"https:\/\/api.w.org\/{rel}","templated":true}]}}