{"id":1455,"date":"2026-03-16T17:39:22","date_gmt":"2026-03-16T17:39:22","guid":{"rendered":"http:\/\/rvokxtc.cluster121.hosting.ovh.net\/?post_type=product&#038;p=1455"},"modified":"2026-03-22T18:08:02","modified_gmt":"2026-03-22T17:08:02","slug":"pmcl-ac160tsa","status":"publish","type":"product","link":"https:\/\/nouveltica.com\/fr\/produit\/pmcl-ac160tsa\/","title":{"rendered":"PMCL-AC160TSA"},"content":{"rendered":"<p>Ce mod\u00e8le de sonde est dot\u00e9 d'un <strong data-start=\"358\" data-end=\"427\">rev\u00eatement r\u00e9fl\u00e9chissant en or (Au) sur la face r\u00e9fl\u00e9chissante du levier<\/strong>, con\u00e7u pour am\u00e9liorer les performances de d\u00e9tection optique tout en conservant les capacit\u00e9s de haute r\u00e9solution de la conception de la sonde t\u00e9tra\u00e9drique.<\/p>\n<p>Les sondes rev\u00eatues d'or peuvent offrir des avantages dans certaines conditions exp\u00e9rimentales :<br \/>\n\u2022 R\u00e9flectivit\u00e9 optique am\u00e9lior\u00e9e pour des signaux de d\u00e9tection laser stables<br \/>\n\u2022 R\u00e9sistance accrue \u00e0 l'oxydation par rapport aux rev\u00eatements en aluminium<br \/>\n\u2022 Meilleure compatibilit\u00e9 avec les environnements liquides ou biologiques<br \/>\n\u2022 Performance de rev\u00eatement stable dans les exp\u00e9riences chimiquement sensibles<\/p>\n<h4>Caract\u00e9ristiques principales<\/h4>\n<p><strong>Pointe effil\u00e9e pour l'imagerie haute r\u00e9solution<\/strong><br \/>\nLa g\u00e9om\u00e9trie t\u00e9tra\u00e9drique de la sonde offre une pointe effil\u00e9e et constamment ac\u00e9r\u00e9e. L'apex est aff\u00fbt\u00e9 sur plus de 1 \u00b5m, permettant une imagerie de surface haute r\u00e9solution.<\/p>\n<p><strong>Structure d'alignement TipView<\/strong><br \/>\nLa sonde est positionn\u00e9e \u00e0 l'extr\u00e9mit\u00e9 du levier, garantissant que l'apex de la pointe reste enti\u00e8rement visible sous un microscope optique pour un positionnement pr\u00e9cis.<\/p>\n<p><strong>Silicium dop\u00e9 de type n \u00e0 faible r\u00e9sistivit\u00e9<\/strong><br \/>\nLe levier est fabriqu\u00e9 \u00e0 partir de silicium dop\u00e9 de type n avec une tr\u00e8s faible r\u00e9sistivit\u00e9 (0,01\u20130,02 \u03a9\u00b7cm). Cela am\u00e9liore consid\u00e9rablement la conductivit\u00e9 \u00e9lectrique et permet d'utiliser la sonde pour des mesures \u00e9lectriques telles que la cartographie du potentiel de surface et d'autres applications AFM conductrices.<\/p>\n<p><strong>Rev\u00eatement r\u00e9fl\u00e9chissant Or\/Chrome<\/strong><br \/>\nLa face r\u00e9fl\u00e9chissante du levier est rev\u00eatue d'or-chrome pour assurer une r\u00e9flectivit\u00e9 optique \u00e9lev\u00e9e pour le syst\u00e8me de d\u00e9tection laser AFM. Les rev\u00eatements en or offrent une stabilit\u00e9 chimique am\u00e9lior\u00e9e par rapport aux rev\u00eatements conventionnels en aluminium et peuvent offrir des performances accrues dans des environnements sp\u00e9cialis\u00e9s.<\/p>","protected":false},"excerpt":{"rendered":"<p>Rev\u00eatement d'or face reflex<br \/>\nFr\u00e9quence de r\u00e9sonance (F) : <strong>300 kHz<\/strong><br \/>\nConstante du raideur (K) : <strong>26 N\/m<\/strong><\/p>\n<p><em>Vendu en paquets de 25<\/em><\/p>","protected":false},"featured_media":1111,"comment_status":"closed","ping_status":"closed","template":"","meta":[],"product_brand":[46],"product_cat":[47,67,49,75,48,82,68],"product_tag":[76,74,73],"class_list":{"0":"post-1455","1":"product","2":"type-product","3":"status-publish","4":"has-post-thumbnail","6":"product_brand-pyramid","7":"product_cat-afm-modes","8":"product_cat-applications","9":"product_cat-contact-mode","10":"product_cat-in-fluid-imaging","11":"product_cat-non-contact-tapping-mode","12":"product_cat-product-category","13":"product_cat-topo","14":"product_tag-fluid","15":"product_tag-gold-coated","16":"product_tag-tipview","18":"first","19":"instock","20":"shipping-taxable","21":"product-type-external"},"_links":{"self":[{"href":"https:\/\/nouveltica.com\/fr\/wp-json\/wp\/v2\/product\/1455","targetHints":{"allow":["GET"]}}],"collection":[{"href":"https:\/\/nouveltica.com\/fr\/wp-json\/wp\/v2\/product"}],"about":[{"href":"https:\/\/nouveltica.com\/fr\/wp-json\/wp\/v2\/types\/product"}],"replies":[{"embeddable":true,"href":"https:\/\/nouveltica.com\/fr\/wp-json\/wp\/v2\/comments?post=1455"}],"version-history":[{"count":0,"href":"https:\/\/nouveltica.com\/fr\/wp-json\/wp\/v2\/product\/1455\/revisions"}],"wp:featuredmedia":[{"embeddable":true,"href":"https:\/\/nouveltica.com\/fr\/wp-json\/wp\/v2\/media\/1111"}],"wp:attachment":[{"href":"https:\/\/nouveltica.com\/fr\/wp-json\/wp\/v2\/media?parent=1455"}],"wp:term":[{"taxonomy":"product_brand","embeddable":true,"href":"https:\/\/nouveltica.com\/fr\/wp-json\/wp\/v2\/product_brand?post=1455"},{"taxonomy":"product_cat","embeddable":true,"href":"https:\/\/nouveltica.com\/fr\/wp-json\/wp\/v2\/product_cat?post=1455"},{"taxonomy":"product_tag","embeddable":true,"href":"https:\/\/nouveltica.com\/fr\/wp-json\/wp\/v2\/product_tag?post=1455"}],"curies":[{"name":"WordPress","href":"https:\/\/api.w.org\/{rel}","templated":true}]}}