{"id":1450,"date":"2026-03-16T17:33:15","date_gmt":"2026-03-16T17:33:15","guid":{"rendered":"http:\/\/rvokxtc.cluster121.hosting.ovh.net\/?post_type=product&#038;p=1450"},"modified":"2026-03-23T02:24:59","modified_gmt":"2026-03-23T01:24:59","slug":"pmcl-ac200ts","status":"publish","type":"product","link":"https:\/\/nouveltica.com\/fr\/produit\/pmcl-ac200ts\/","title":{"rendered":"PMCL-AC200TS"},"content":{"rendered":"<p><em>PMCL-AC200TS: Pointe AFM de remplacement OMCL-AC200TS*<\/em><\/p>\n<p><em><span style=\"color: #ff0000;\">Le <strong data-start=\"1731\" data-end=\"1747\">PMCL-AC200TS<\/strong> est une pointe haute performance <strong data-start=\"1770\" data-end=\"1808\">pour remplacer le mod\u00e8le OMCL-AC200TS<\/strong>, con\u00e7ue pour le mode tapping et la microscopie \u00e0 force atomique sans contact, assurant une compatibilit\u00e9 parfaite avec la plupart des syst\u00e8mes AFM configur\u00e9s pour les pointes de type Olympus.<\/span><\/em> Elle peut \u00eatre utilis\u00e9e dans une large gamme d'applications en mode tapping et d'imagerie haute r\u00e9solution, offrant des performances fiables pour la caract\u00e9risation de la morphologie de surface et l'analyse \u00e0 l'\u00e9chelle nanom\u00e9trique.<\/p>\n<h4>Caract\u00e9ristiques principales<\/h4>\n<p>Pointe effil\u00e9e pour l'imagerie haute r\u00e9solution<br \/>\nLa g\u00e9om\u00e9trie t\u00e9tra\u00e9drique de la sonde offre une pointe effil\u00e9e et constamment ac\u00e9r\u00e9e. L'apex est aff\u00fbt\u00e9 sur plus de 1 \u00b5m, permettant une imagerie de surface haute r\u00e9solution.<\/p>\n<p>Structure d'alignement TipView<br \/>\nLa sonde est positionn\u00e9e \u00e0 l'extr\u00e9mit\u00e9 du levier, garantissant que l'apex de la pointe reste enti\u00e8rement visible sous un microscope optique pour un positionnement pr\u00e9cis.<\/p>\n<p>Silicium dop\u00e9 de type n \u00e0 faible r\u00e9sistivit\u00e9<br \/>\nLe levier est fabriqu\u00e9 \u00e0 partir de silicium dop\u00e9 de type n avec une tr\u00e8s faible r\u00e9sistivit\u00e9 (0,01\u20130,02 \u03a9\u00b7cm). Cela am\u00e9liore consid\u00e9rablement la conductivit\u00e9 \u00e9lectrique et permet d'utiliser la sonde pour des mesures \u00e9lectriques telles que la cartographie du potentiel de surface et d'autres applications AFM conductrices.<\/p>\n<p>\u2013<\/p>\n<p>*Avec l'arr\u00eat des pointes AFM de la s\u00e9rie OMCL par <a href=\"https:\/\/www.olympus-global.com\/products\/\" target=\"_blank\" rel=\"noopener\">Olympus Corporation<\/a>, Nouveltica propose des alternatives enti\u00e8rement compatibles pour assurer la continuit\u00e9 des mesures AFM.<br \/>\nVoir toutes nos poines AFM de remplacement OLYMPUS : <a href=\"https:\/\/nouveltica.com\/products\/\"><strong>Produits<\/strong><\/a><\/p>","protected":false},"excerpt":{"rendered":"<p>Rev\u00eatement d'aluminium face reflex<br \/>\nFr\u00e9quence de r\u00e9sonance (F) : <strong>150 kHz<\/strong><br \/>\nConstante du raideur (K) : <strong>9 N\/m<\/strong><\/p>\n<p><em>Vendu en paquets de 25<\/em><\/p>","protected":false},"featured_media":1879,"comment_status":"closed","ping_status":"closed","template":"","meta":[],"product_brand":[46],"product_cat":[47,67,49,48,82,68],"product_tag":[77,72,73],"class_list":{"0":"post-1450","1":"product","2":"type-product","3":"status-publish","4":"has-post-thumbnail","6":"product_brand-pyramid","7":"product_cat-afm-modes","8":"product_cat-applications","9":"product_cat-contact-mode","10":"product_cat-non-contact-tapping-mode","11":"product_cat-product-category","12":"product_cat-topo","13":"product_tag-air","14":"product_tag-bestseller","15":"product_tag-tipview","17":"first","18":"instock","19":"shipping-taxable","20":"product-type-external"},"_links":{"self":[{"href":"https:\/\/nouveltica.com\/fr\/wp-json\/wp\/v2\/product\/1450","targetHints":{"allow":["GET"]}}],"collection":[{"href":"https:\/\/nouveltica.com\/fr\/wp-json\/wp\/v2\/product"}],"about":[{"href":"https:\/\/nouveltica.com\/fr\/wp-json\/wp\/v2\/types\/product"}],"replies":[{"embeddable":true,"href":"https:\/\/nouveltica.com\/fr\/wp-json\/wp\/v2\/comments?post=1450"}],"version-history":[{"count":0,"href":"https:\/\/nouveltica.com\/fr\/wp-json\/wp\/v2\/product\/1450\/revisions"}],"wp:featuredmedia":[{"embeddable":true,"href":"https:\/\/nouveltica.com\/fr\/wp-json\/wp\/v2\/media\/1879"}],"wp:attachment":[{"href":"https:\/\/nouveltica.com\/fr\/wp-json\/wp\/v2\/media?parent=1450"}],"wp:term":[{"taxonomy":"product_brand","embeddable":true,"href":"https:\/\/nouveltica.com\/fr\/wp-json\/wp\/v2\/product_brand?post=1450"},{"taxonomy":"product_cat","embeddable":true,"href":"https:\/\/nouveltica.com\/fr\/wp-json\/wp\/v2\/product_cat?post=1450"},{"taxonomy":"product_tag","embeddable":true,"href":"https:\/\/nouveltica.com\/fr\/wp-json\/wp\/v2\/product_tag?post=1450"}],"curies":[{"name":"WordPress","href":"https:\/\/api.w.org\/{rel}","templated":true}]}}