{"id":698,"date":"2022-09-09T12:31:17","date_gmt":"2022-09-09T12:31:17","guid":{"rendered":"https:\/\/startersites.io\/elementor\/gadgets\/?page_id=698"},"modified":"2026-03-27T15:43:15","modified_gmt":"2026-03-27T14:43:15","slug":"about-us","status":"publish","type":"page","link":"https:\/\/nouveltica.com\/fr\/about-us\/","title":{"rendered":"\u00c0 propos de nous"},"content":{"rendered":"<div data-elementor-type=\"wp-page\" data-elementor-id=\"698\" class=\"elementor elementor-698\">\n\t\t\t\t<div class=\"elementor-element elementor-element-b5edf52 e-flex e-con-boxed e-con e-parent\" data-id=\"b5edf52\" data-element_type=\"container\" data-e-type=\"container\" data-settings=\"{&quot;background_background&quot;:&quot;classic&quot;}\">\n\t\t\t\t\t<div class=\"e-con-inner\">\n\t\t\t\t<div class=\"elementor-element elementor-element-d67e443 elementor-widget elementor-widget-shortcode\" data-id=\"d67e443\" data-element_type=\"widget\" data-e-type=\"widget\" data-widget_type=\"shortcode.default\">\n\t\t\t\t\t\t\t<div class=\"elementor-shortcode\"><\/div>\n\t\t\t\t\t\t<\/div>\n\t\t\t\t<div class=\"elementor-element elementor-element-be4fce4 elementor-widget elementor-widget-heading\" data-id=\"be4fce4\" data-element_type=\"widget\" data-e-type=\"widget\" data-widget_type=\"heading.default\">\n\t\t\t\t\t<h2 class=\"elementor-heading-title elementor-size-default\">\u00c0 propos de nous<\/h2>\t\t\t\t<\/div>\n\t\t\t\t\t<\/div>\n\t\t\t\t<\/div>\n\t\t<div class=\"elementor-element elementor-element-834deef e-flex e-con-boxed e-con e-parent\" data-id=\"834deef\" data-element_type=\"container\" data-e-type=\"container\" data-settings=\"{&quot;background_background&quot;:&quot;classic&quot;}\">\n\t\t\t\t\t<div class=\"e-con-inner\">\n\t\t<div class=\"elementor-element elementor-element-7e36ab5 e-flex e-con-boxed e-con e-child\" data-id=\"7e36ab5\" data-element_type=\"container\" data-e-type=\"container\" data-settings=\"{&quot;background_background&quot;:&quot;classic&quot;}\">\n\t\t\t\t\t<div class=\"e-con-inner\">\n\t\t\t\t<div class=\"elementor-element elementor-element-0fc0f3e elementor-widget elementor-widget-image\" data-id=\"0fc0f3e\" data-element_type=\"widget\" data-e-type=\"widget\" data-widget_type=\"image.default\">\n\t\t\t\t\t\t\t\t\t\t\t\t\t\t\t<img fetchpriority=\"high\" decoding=\"async\" width=\"1277\" height=\"695\" src=\"https:\/\/nouveltica.com\/wp-content\/uploads\/2026\/03\/About-Us-2.png\" class=\"attachment-full size-full wp-image-1852\" alt=\"\" srcset=\"https:\/\/nouveltica.com\/wp-content\/uploads\/2026\/03\/About-Us-2.png 1277w, https:\/\/nouveltica.com\/wp-content\/uploads\/2026\/03\/About-Us-2-300x163.png 300w, https:\/\/nouveltica.com\/wp-content\/uploads\/2026\/03\/About-Us-2-1024x557.png 1024w, https:\/\/nouveltica.com\/wp-content\/uploads\/2026\/03\/About-Us-2-768x418.png 768w, https:\/\/nouveltica.com\/wp-content\/uploads\/2026\/03\/About-Us-2-600x327.png 600w\" sizes=\"(max-width: 1277px) 100vw, 1277px\" \/>\t\t\t\t\t\t\t\t\t\t\t\t\t\t\t<\/div>\n\t\t<div class=\"elementor-element elementor-element-9342f53 e-con-full e-flex e-con e-child\" data-id=\"9342f53\" data-element_type=\"container\" data-e-type=\"container\">\n\t\t<div class=\"elementor-element elementor-element-e8cf7b1 e-con-full e-flex e-con e-child\" data-id=\"e8cf7b1\" data-element_type=\"container\" data-e-type=\"container\">\n\t\t\t\t<div class=\"elementor-element elementor-element-3d6645f elementor-widget elementor-widget-heading\" data-id=\"3d6645f\" data-element_type=\"widget\" data-e-type=\"widget\" data-widget_type=\"heading.default\">\n\t\t\t\t\t<h5 class=\"elementor-heading-title elementor-size-default\">Nouveltica SARL<\/h5>\t\t\t\t<\/div>\n\t\t\t\t<div class=\"elementor-element elementor-element-7000d63 elementor-widget elementor-widget-text-editor\" data-id=\"7000d63\" data-element_type=\"widget\" data-e-type=\"widget\" data-widget_type=\"text-editor.default\">\n\t\t\t\t\t\t\t\t\t<p>Solutions avanc\u00e9es de pointes AFM connectant l'expertise ta\u00efwanaise \u00e0 la recherche europ\u00e9enne.<\/p>\t\t\t\t\t\t\t\t<\/div>\n\t\t\t\t<div class=\"elementor-element elementor-element-62813d9 elementor-widget elementor-widget-text-editor\" data-id=\"62813d9\" data-element_type=\"widget\" data-e-type=\"widget\" data-widget_type=\"text-editor.default\">\n\t\t\t\t\t\t\t\t\t<p><strong>Nouveltica<\/strong> est une entreprise bas\u00e9e en France, sp\u00e9cialis\u00e9e dans la distribution et le commerce international de produits scientifiques et industriels de haute pr\u00e9cision. Notre objectif principal est la fourniture de <strong>pointes de Microscopie \u00e0 Force Atomique (AFM) de haute qualit\u00e9<\/strong>, soutenant les chercheurs et ing\u00e9nieurs en nanotechnologie, science des mat\u00e9riaux et caract\u00e9risation avanc\u00e9e des surfaces.<\/p><p>Nouveltica travaille en \u00e9troite collaboration avec <a href=\"https:\/\/www.keybond.com.tw\/index.php?route=common\/home&amp;lang_code=en\" target=\"_blank\" rel=\"noopener\"><strong>Micron Star Technology<\/strong><\/a>, une entreprise ta\u00efwanaise avec <strong>plus de 30 ans d'exp\u00e9rience dans le d\u00e9veloppement, la fabrication et la distribution de sondes AFM<\/strong>. Gr\u00e2ce \u00e0 cette collaboration, nous combinons des d\u00e9cennies d'expertise technique avec un r\u00e9seau international pour fournir des pointes fiables et performantes aux laboratoires et aux utilisateurs industriels.<\/p><p>Forts de cette expertise de longue date, nous avons lanc\u00e9 notre propre marque de pointes pour offrir des remplacements de haute qualit\u00e9 pour les <strong>microleviers Olympus de la s\u00e9rie OMCL largement utilis\u00e9s.<\/strong>. Ces pointes sont <strong>fabriqu\u00e9es \u00e0 100 % \u00e0 Ta\u00efwan<\/strong>, garantissant une qualit\u00e9 de microfabrication constante, une excellente nettet\u00e9 de pointe et des performances fiables pour l'imagerie et la mesure \u00e0 l'\u00e9chelle nanom\u00e9trique.<\/p><p>Avec notre pr\u00e9sence en Europe, Nouveltica vise \u00e0 fournir <strong>un support accessible, une logistique efficace et une communication r\u00e9active<\/strong> pour les institutions de recherche, les universit\u00e9s et les industries de haute technologie \u00e0 travers la r\u00e9gion.<\/p><p>Au-del\u00e0 des sondes AFM, Nouveltica s'engage \u00e0 favoriser la collaboration internationale et \u00e0 faciliter l'\u00e9change de technologies innovantes et de produits de haute qualit\u00e9 entre l'Asie et l'Europe.<\/p>\t\t\t\t\t\t\t\t<\/div>\n\t\t\t\t<\/div>\n\t\t\t\t<\/div>\n\t\t\t\t\t<\/div>\n\t\t\t\t<\/div>\n\t\t\t\t\t<\/div>\n\t\t\t\t<\/div>\n\t\t<div class=\"elementor-element elementor-element-80d9a96 e-flex e-con-boxed e-con e-parent\" data-id=\"80d9a96\" data-element_type=\"container\" data-e-type=\"container\">\n\t\t\t\t\t<div class=\"e-con-inner\">\n\t\t<div class=\"elementor-element elementor-element-287304c e-con-full e-flex e-con e-child\" data-id=\"287304c\" data-element_type=\"container\" data-e-type=\"container\">\n\t\t\t\t<div class=\"elementor-element elementor-element-bf39aa2 elementor-widget elementor-widget-heading\" data-id=\"bf39aa2\" data-element_type=\"widget\" data-e-type=\"widget\" data-widget_type=\"heading.default\">\n\t\t\t\t\t<h3 class=\"elementor-heading-title elementor-size-default\">Derni\u00e8res nouvelles<\/h3>\t\t\t\t<\/div>\n\t\t\t\t<div class=\"elementor-element elementor-element-36146dc elementor-widget elementor-widget-text-editor\" data-id=\"36146dc\" data-element_type=\"widget\" data-e-type=\"widget\" data-widget_type=\"text-editor.default\">\n\t\t\t\t\t\t\t\t\t<p>Suivez nos derni\u00e8res actualit\u00e9s et mises \u00e0 jour.<\/p>\t\t\t\t\t\t\t\t<\/div>\n\t\t\t\t<\/div>\n\t\t<div class=\"elementor-element elementor-element-485bf78 e-con-full e-flex e-con e-child\" data-id=\"485bf78\" data-element_type=\"container\" data-e-type=\"container\">\n\t\t\t\t<div class=\"elementor-element elementor-element-b49abab elementor-align-right elementor-mobile-align-center elementor-widget elementor-widget-button\" data-id=\"b49abab\" data-element_type=\"widget\" data-e-type=\"widget\" data-widget_type=\"button.default\">\n\t\t\t\t\t\t\t\t\t\t<a class=\"elementor-button elementor-button-link elementor-size-sm\" href=\"#\">\n\t\t\t\t\t\t<span class=\"elementor-button-content-wrapper\">\n\t\t\t\t\t\t\t\t\t<span class=\"elementor-button-text\">Tout voir<\/span>\n\t\t\t\t\t<\/span>\n\t\t\t\t\t<\/a>\n\t\t\t\t\t\t\t\t<\/div>\n\t\t\t\t<\/div>\n\t\t\t\t\t<\/div>\n\t\t\t\t<\/div>\n\t\t<div class=\"elementor-element elementor-element-eab20ad e-flex e-con-boxed e-con e-parent\" data-id=\"eab20ad\" data-element_type=\"container\" data-e-type=\"container\">\n\t\t\t\t\t<div class=\"e-con-inner\">\n\t\t\t\t<div class=\"elementor-element elementor-element-a892a1c elementor-widget__width-initial elementor-widget elementor-widget-shortcode\" data-id=\"a892a1c\" data-element_type=\"widget\" data-e-type=\"widget\" data-widget_type=\"shortcode.default\">\n\t\t\t\t\t\t\t<div class=\"elementor-shortcode\"><div class=\"ct-posts-shortcode\" data-prefix=\"blog\"><div class=\"entries\" data-archive=\"default\" data-layout=\"grid\" data-cards=\"boxed\" data-hover=\"zoom-in\"><article class=\"entry-card card-content post-681 post type-post status-publish format-standard has-post-thumbnail sticky hentry category-announcements\" ><a class=\"ct-media-container boundless-image has-hover-effect\" href=\"https:\/\/nouveltica.com\/fr\/replacement-for-olympus-afm-probe-pmcl-series\/\" aria-label=\"Solution de remplacement pour les sondes Olympus OMCL\"><img loading=\"lazy\" decoding=\"async\" width=\"768\" height=\"498\" src=\"https:\/\/nouveltica.com\/wp-content\/uploads\/2026\/03\/10-768x498.png\" class=\"attachment-medium_large size-medium_large wp-post-image\" alt=\"PMCL series AFM probes - replacements for Olympus OMCL AC160TS, AC200TS, AC240TS, AC240TM and AC55TS\" srcset=\"https:\/\/nouveltica.com\/wp-content\/uploads\/2026\/03\/10-768x498.png 768w, https:\/\/nouveltica.com\/wp-content\/uploads\/2026\/03\/10-300x195.png 300w, https:\/\/nouveltica.com\/wp-content\/uploads\/2026\/03\/10-1024x664.png 1024w, https:\/\/nouveltica.com\/wp-content\/uploads\/2026\/03\/10-1536x996.png 1536w, https:\/\/nouveltica.com\/wp-content\/uploads\/2026\/03\/10-2048x1328.png 2048w, https:\/\/nouveltica.com\/wp-content\/uploads\/2026\/03\/10-600x389.png 600w\" sizes=\"auto, (max-width: 768px) 100vw, 768px\" itemprop=\"image\" style=\"aspect-ratio: 4\/3;\" \/><\/a><ul class=\"entry-meta\" data-type=\"simple:slash\" data-id=\"5fBVmU\" ><li class=\"meta-categories\" data-type=\"simple\"><a href=\"https:\/\/nouveltica.com\/fr\/category\/announcements\/\" rel=\"tag\" class=\"ct-term-37\">Annonces<\/a><\/li><\/ul><h2 class=\"entry-title\"><a href=\"https:\/\/nouveltica.com\/fr\/replacement-for-olympus-afm-probe-pmcl-series\/\" rel=\"bookmark\">Solution de remplacement pour les sondes Olympus OMCL<\/a><\/h2><div class=\"entry-excerpt\"><p>\u00c0 nos partenaires et clients AFM, Suite \u00e0 l'annonce officielle\u2026<\/p>\n<\/div><a class=\"entry-button wp-element-button ct-button\" href=\"https:\/\/nouveltica.com\/fr\/replacement-for-olympus-afm-probe-pmcl-series\/\">Lire la suite<span class=\"screen-reader-text\">Solution de remplacement pour les sondes Olympus OMCL<\/span><\/a><\/article><article class=\"entry-card card-content post-391 post type-post status-publish format-standard has-post-thumbnail hentry category-announcements\" ><a class=\"ct-media-container boundless-image has-hover-effect\" href=\"https:\/\/nouveltica.com\/fr\/19-03-2026-2\/\" aria-label=\"Mise \u00e0 jour du site web en cours\"><img loading=\"lazy\" decoding=\"async\" width=\"768\" height=\"530\" src=\"https:\/\/nouveltica.com\/wp-content\/uploads\/2026\/03\/News2-768x530.png\" class=\"attachment-medium_large size-medium_large wp-post-image\" alt=\"\" srcset=\"https:\/\/nouveltica.com\/wp-content\/uploads\/2026\/03\/News2-768x530.png 768w, https:\/\/nouveltica.com\/wp-content\/uploads\/2026\/03\/News2-300x207.png 300w, https:\/\/nouveltica.com\/wp-content\/uploads\/2026\/03\/News2-600x414.png 600w, https:\/\/nouveltica.com\/wp-content\/uploads\/2026\/03\/News2.png 847w\" sizes=\"auto, (max-width: 768px) 100vw, 768px\" itemprop=\"image\" style=\"aspect-ratio: 4\/3;\" \/><\/a><ul class=\"entry-meta\" data-type=\"simple:slash\" data-id=\"5fBVmU\" ><li class=\"meta-categories\" data-type=\"simple\"><a href=\"https:\/\/nouveltica.com\/fr\/category\/announcements\/\" rel=\"tag\" class=\"ct-term-37\">Annonces<\/a><\/li><\/ul><h2 class=\"entry-title\"><a href=\"https:\/\/nouveltica.com\/fr\/19-03-2026-2\/\" rel=\"bookmark\">Mise \u00e0 jour du site web en cours<\/a><\/h2><div class=\"entry-excerpt\"><p>Chers clients et partenaires, Nous travaillons actuellement \u00e0 l'am\u00e9lioration de\u2026<\/p>\n<\/div><a class=\"entry-button wp-element-button ct-button\" href=\"https:\/\/nouveltica.com\/fr\/19-03-2026-2\/\">Lire la suite<span class=\"screen-reader-text\">Mise \u00e0 jour du site web en cours<\/span><\/a><\/article><\/div><\/div><\/div>\n\t\t\t\t\t\t<\/div>\n\t\t\t\t\t<\/div>\n\t\t\t\t<\/div>\n\t\t<div class=\"elementor-element elementor-element-080d243 e-flex e-con-boxed e-con e-parent\" data-id=\"080d243\" data-element_type=\"container\" data-e-type=\"container\" data-settings=\"{&quot;background_background&quot;:&quot;classic&quot;}\">\n\t\t\t\t\t<div class=\"e-con-inner\">\n\t\t<div class=\"elementor-element elementor-element-3136bf0 e-con-full e-flex e-con e-child\" data-id=\"3136bf0\" data-element_type=\"container\" data-e-type=\"container\">\n\t\t\t\t<div class=\"elementor-element elementor-element-8d073c6 elementor-widget elementor-widget-heading\" data-id=\"8d073c6\" data-element_type=\"widget\" data-e-type=\"widget\" data-widget_type=\"heading.default\">\n\t\t\t\t\t<h2 class=\"elementor-heading-title elementor-size-default\">Rejoignez-nous d\u00e8s aujourd'hui !<\/h2>\t\t\t\t<\/div>\n\t\t\t\t<div class=\"elementor-element elementor-element-c326baf elementor-align-center elementor-widget elementor-widget-button\" data-id=\"c326baf\" data-element_type=\"widget\" data-e-type=\"widget\" data-widget_type=\"button.default\">\n\t\t\t\t\t\t\t\t\t\t<a class=\"elementor-button elementor-size-sm\" role=\"button\">\n\t\t\t\t\t\t<span class=\"elementor-button-content-wrapper\">\n\t\t\t\t\t\t\t\t\t<span class=\"elementor-button-text\">S'inscrire<\/span>\n\t\t\t\t\t<\/span>\n\t\t\t\t\t<\/a>\n\t\t\t\t\t\t\t\t<\/div>\n\t\t\t\t<\/div>\n\t\t\t\t\t<\/div>\n\t\t\t\t<\/div>\n\t\t\t\t<\/div>","protected":false},"excerpt":{"rendered":"<p>About Us Nouveltica SARL Advanced AFM probe solutions connecting Taiwanese expertise with European research. Nouveltica is a France-based company specialising in the distribution and international trade of high-precision scientific and industrial products. Our primary focus is the supply of high-quality Atomic Force Microscopy (AFM) probes, supporting researchers and engineers in nanotechnology, materials science, and advanced [&hellip;]<\/p>\n","protected":false},"author":1,"featured_media":0,"parent":0,"menu_order":0,"comment_status":"closed","ping_status":"closed","template":"","meta":{"footnotes":""},"class_list":["post-698","page","type-page","status-publish","hentry"],"blocksy_meta":{"page_title_panel":"","has_hero_section":"disabled","44aba6825f3f695b34ff7f5938af02e4":"","hero_section":"type-1","hero_elements":[{"id":"custom_title","enabled":true,"heading_tag":"h1","title":"Accueil"},{"id":"custom_description","enabled":true,"description_visibility":{"desktop":true,"tablet":true,"mobile":false}},{"id":"custom_meta","enabled":false,"meta_elements":[{"id":"author","enabled":true,"label":"By","has_author_avatar":"yes","avatar_size":25},{"id":"post_date","enabled":true,"label":"On","date_format_source":"default","date_format":"M j, Y"},{"id":"updated_date","enabled":false,"label":"On","date_format_source":"default","date_format":"M j, Y"},{"id":"categories","enabled":false,"label":"In","style":"simple"},{"id":"comments","enabled":true}],"page_meta_elements":{"joined":true,"articles_count":true,"comments":true}},{"id":"breadcrumbs","enabled":false}],"0662b16171993dcc28750591d2c44dc2":"","hero_alignment1":"CT_CSS_SKIP_RULE","hero_margin":40,"hero_alignment2":"center","hero_vertical_alignment":"center","ec1f2a1ce54454f4acf89720477b7047":"","hero_structure":"narrow","367c1f360f7821105b4a996429833deb":"","page_title_bg_type":"featured_image","custom_hero_background":{"attachment_id":null},"page_title_image_size":"full","parallax":{"desktop":false,"tablet":false,"mobile":false},"2d9eb71dff97835f1ffa054857a6df1b":"","hero_height":"250px","pageTitleFont":{"family":"Default","variation":"Default","size":"30px","line-height":"CT_CSS_SKIP_RULE","letter-spacing":"CT_CSS_SKIP_RULE","text-transform":"CT_CSS_SKIP_RULE","text-decoration":"CT_CSS_SKIP_RULE"},"pageTitleFontColor":{"default":{"color":"CT_CSS_SKIP_RULEDEFAULT"}},"pageMetaFont":{"family":"Default","variation":"n6","size":"12px","line-height":"1.3","letter-spacing":"CT_CSS_SKIP_RULE","text-transform":"uppercase","text-decoration":"CT_CSS_SKIP_RULE"},"pageMetaFontColor":{"default":{"color":"CT_CSS_SKIP_RULEDEFAULT"},"hover":{"color":"CT_CSS_SKIP_RULEDEFAULT"}},"page_meta_button_type_font_colors":{"default":{"color":"CT_CSS_SKIP_RULEDEFAULT"},"hover":{"color":"CT_CSS_SKIP_RULEDEFAULT"}},"page_meta_button_type_background_colors":{"default":{"color":"CT_CSS_SKIP_RULEDEFAULT"},"hover":{"color":"CT_CSS_SKIP_RULEDEFAULT"}},"pageExcerptFont":{"family":"Default","variation":"Default","size":"CT_CSS_SKIP_RULE","line-height":"CT_CSS_SKIP_RULE","letter-spacing":"CT_CSS_SKIP_RULE","text-transform":"CT_CSS_SKIP_RULE","text-decoration":"CT_CSS_SKIP_RULE"},"pageExcerptColor":{"default":{"color":"CT_CSS_SKIP_RULEDEFAULT"}},"breadcrumbsFont":{"family":"Default","variation":"Default","size":"CT_CSS_SKIP_RULE","line-height":"CT_CSS_SKIP_RULE","letter-spacing":"CT_CSS_SKIP_RULE","text-transform":"CT_CSS_SKIP_RULE","text-decoration":"CT_CSS_SKIP_RULE"},"breadcrumbsFontColor":{"default":{"color":"CT_CSS_SKIP_RULEDEFAULT"},"initial":{"color":"CT_CSS_SKIP_RULEDEFAULT"},"hover":{"color":"CT_CSS_SKIP_RULEDEFAULT"}},"pageTitleOverlay":{"background_type":"color","background_pattern":"type-1","background_image":{"attachment_id":null,"x":0,"y":0},"gradient":"linear-gradient(135deg,rgba(6,147,227,1) 0%,rgb(155,81,224) 100%)","background_repeat":"repeat","background_size":"auto","background_attachment":"scroll","patternColor":{"default":{"color":"#e5e7ea"}},"overlayColor":{"default":{"color":"CT_CSS_SKIP_RULE"}},"backgroundColor":{"default":{"color":"CT_CSS_SKIP_RULE"}}},"pageTitleBackground":{"background_type":"color","background_pattern":"type-1","background_image":{"attachment_id":null,"x":0,"y":0},"gradient":"linear-gradient(135deg,rgba(6,147,227,1) 0%,rgb(155,81,224) 100%)","background_repeat":"repeat","background_size":"auto","background_attachment":"scroll","patternColor":{"default":{"color":"#e5e7ea"}},"overlayColor":{"default":{"color":"CT_CSS_SKIP_RULE"}},"backgroundColor":{"default":{"color":"var(--theme-palette-color-6)"}}},"pageTitlePadding":{"top":"50px","bottom":"50px","left":"auto","right":"auto","linked":true},"a75f06046ec1a5b30d07341335351f04":"","page_structure_type":"default","14ae5c6fee8143226c976636cc8ae4e0":"","content_style_source":"inherit","content_style":"wide","vertical_spacing_source":"custom","content_area_spacing":"none","background":{"background_type":"color","background_pattern":"type-1","background_image":{"attachment_id":null,"x":0,"y":0},"gradient":"linear-gradient(135deg,rgba(6,147,227,1) 0%,rgb(155,81,224) 100%)","background_repeat":"repeat","background_size":"auto","background_attachment":"scroll","patternColor":{"default":{"color":"#e5e7ea"}},"overlayColor":{"default":{"color":"CT_CSS_SKIP_RULE"}},"backgroundColor":{"default":{"color":"CT_CSS_SKIP_RULE"}}},"content_background":{"background_type":"color","background_pattern":"type-1","background_image":{"attachment_id":null,"x":0,"y":0},"gradient":"linear-gradient(135deg,rgba(6,147,227,1) 0%,rgb(155,81,224) 100%)","background_repeat":"repeat","background_size":"auto","background_attachment":"scroll","patternColor":{"default":{"color":"#e5e7ea"}},"overlayColor":{"default":{"color":"CT_CSS_SKIP_RULE"}},"backgroundColor":{"default":{"color":"var(--theme-palette-color-8)"}}},"content_boxed_shadow":{"inherit":false,"blur":18,"spread":-6,"v_offset":12,"h_offset":0,"inset":false,"enable":true,"color":{"color":"rgba(34, 56, 101, 0.04)"}},"content_boxed_border":{"width":1,"style":"none","color":{"color":"rgba(44,62,80,0.2)"}},"content_boxed_radius":{"top":"3px","bottom":"3px","left":"3px","right":"3px","linked":true},"boxed_content_spacing":{"desktop":{"top":"40px","bottom":"40px","left":"40px","right":"40px","linked":true},"tablet":{"top":"35px","bottom":"35px","left":"35px","right":"35px","linked":true},"mobile":{"top":"20px","bottom":"20px","left":"20px","right":"20px","linked":true}},"98280511bbd1dccaacef82151bbf4f04":"","disable_featured_image":"no","disable_share_box":"no","disable_header":"no","disable_footer":"no","styles_descriptor":{"styles":{"desktop":"","tablet":"","mobile":""},"google_fonts":[],"version":6}},"_links":{"self":[{"href":"https:\/\/nouveltica.com\/fr\/wp-json\/wp\/v2\/pages\/698","targetHints":{"allow":["GET"]}}],"collection":[{"href":"https:\/\/nouveltica.com\/fr\/wp-json\/wp\/v2\/pages"}],"about":[{"href":"https:\/\/nouveltica.com\/fr\/wp-json\/wp\/v2\/types\/page"}],"author":[{"embeddable":true,"href":"https:\/\/nouveltica.com\/fr\/wp-json\/wp\/v2\/users\/1"}],"replies":[{"embeddable":true,"href":"https:\/\/nouveltica.com\/fr\/wp-json\/wp\/v2\/comments?post=698"}],"version-history":[{"count":0,"href":"https:\/\/nouveltica.com\/fr\/wp-json\/wp\/v2\/pages\/698\/revisions"}],"wp:attachment":[{"href":"https:\/\/nouveltica.com\/fr\/wp-json\/wp\/v2\/media?parent=698"}],"curies":[{"name":"WordPress","href":"https:\/\/api.w.org\/{rel}","templated":true}]}}