{"id":1350,"date":"2026-03-13T18:45:24","date_gmt":"2026-03-13T18:45:24","guid":{"rendered":"http:\/\/rvokxtc.cluster121.hosting.ovh.net\/?page_id=1350"},"modified":"2026-03-23T02:34:24","modified_gmt":"2026-03-23T01:34:24","slug":"force-modulation","status":"publish","type":"page","link":"https:\/\/nouveltica.com\/fr\/applications\/force-modulation\/","title":{"rendered":"Modulation de force"},"content":{"rendered":"<div data-elementor-type=\"wp-page\" data-elementor-id=\"1350\" class=\"elementor elementor-1350\">\n\t\t\t\t<div class=\"elementor-element elementor-element-7e731232 e-flex e-con-boxed e-con e-parent\" data-id=\"7e731232\" data-element_type=\"container\" data-e-type=\"container\" data-settings=\"{&quot;background_background&quot;:&quot;classic&quot;}\">\n\t\t\t\t\t<div class=\"e-con-inner\">\n\t\t\t\t<div class=\"elementor-element elementor-element-5760916c elementor-widget elementor-widget-shortcode\" data-id=\"5760916c\" data-element_type=\"widget\" data-e-type=\"widget\" data-widget_type=\"shortcode.default\">\n\t\t\t\t\t\t\t<div class=\"elementor-shortcode\"><\/div>\n\t\t\t\t\t\t<\/div>\n\t\t\t\t<div class=\"elementor-element elementor-element-1f0d1abd elementor-widget elementor-widget-heading\" data-id=\"1f0d1abd\" data-element_type=\"widget\" data-e-type=\"widget\" data-widget_type=\"heading.default\">\n\t\t\t\t\t<h2 class=\"elementor-heading-title elementor-size-default\">Modulation de force<\/h2>\t\t\t\t<\/div>\n\t\t\t\t\t<\/div>\n\t\t\t\t<\/div>\n\t\t<div class=\"elementor-element elementor-element-388cfab7 e-flex e-con-boxed e-con e-parent\" data-id=\"388cfab7\" data-element_type=\"container\" data-e-type=\"container\">\n\t\t\t\t\t<div class=\"e-con-inner\">\n\t\t\t\t<div class=\"elementor-element elementor-element-10751018 elementor-widget__width-inherit elementor-widget elementor-widget-text-editor\" data-id=\"10751018\" data-element_type=\"widget\" data-e-type=\"widget\" data-widget_type=\"text-editor.default\">\n\t\t\t\t\t\t\t\t\t<p>Les techniques de modulation de force permettent aux sondes AFM de mesurer les variations des propri\u00e9t\u00e9s m\u00e9caniques locales telles que la rigidit\u00e9 et l'\u00e9lasticit\u00e9. Cette m\u00e9thode permet la cartographie \u00e0 l'\u00e9chelle nanom\u00e9trique de l'h\u00e9t\u00e9rog\u00e9n\u00e9it\u00e9 des mat\u00e9riaux dans les polym\u00e8res, les composites et les \u00e9chantillons biologiques.<\/p>\t\t\t\t\t\t\t\t<\/div>\n\t\t<div class=\"elementor-element elementor-element-3e3e8bf5 e-con-full e-grid e-con e-child\" data-id=\"3e3e8bf5\" data-element_type=\"container\" data-e-type=\"container\">\n\t\t\t\t<div class=\"elementor-element elementor-element-bfff820 elementor-widget__width-initial elementor-position-top elementor-widget elementor-widget-image-box\" data-id=\"bfff820\" data-element_type=\"widget\" data-e-type=\"widget\" data-widget_type=\"image-box.default\">\n\t\t\t\t\t<div class=\"elementor-image-box-wrapper\"><figure class=\"elementor-image-box-img\"><img fetchpriority=\"high\" decoding=\"async\" width=\"1658\" height=\"1200\" src=\"https:\/\/nouveltica.com\/wp-content\/uploads\/2026\/03\/FM.png\" class=\"attachment-full size-full wp-image-1356\" alt=\"\" srcset=\"https:\/\/nouveltica.com\/wp-content\/uploads\/2026\/03\/FM.png 1658w, https:\/\/nouveltica.com\/wp-content\/uploads\/2026\/03\/FM-300x217.png 300w, https:\/\/nouveltica.com\/wp-content\/uploads\/2026\/03\/FM-1024x741.png 1024w, https:\/\/nouveltica.com\/wp-content\/uploads\/2026\/03\/FM-768x556.png 768w, https:\/\/nouveltica.com\/wp-content\/uploads\/2026\/03\/FM-1536x1112.png 1536w, https:\/\/nouveltica.com\/wp-content\/uploads\/2026\/03\/FM-600x434.png 600w\" sizes=\"(max-width: 1658px) 100vw, 1658px\" \/><\/figure><div class=\"elementor-image-box-content\"><h3 class=\"elementor-image-box-title\">Brin d'ADN<\/h3><p class=\"elementor-image-box-description\">Courbe d'\u00e9tirement d'un brin d'ADN<\/p><\/div><\/div>\t\t\t\t<\/div>\n\t\t\t\t<\/div>\n\t\t\t\t\t<\/div>\n\t\t\t\t<\/div>\n\t\t<div class=\"elementor-element elementor-element-241c1cb7 e-flex e-con-boxed e-con e-parent\" data-id=\"241c1cb7\" data-element_type=\"container\" data-e-type=\"container\" data-settings=\"{&quot;background_background&quot;:&quot;classic&quot;}\">\n\t\t\t\t\t<div class=\"e-con-inner\">\n\t\t<div class=\"elementor-element elementor-element-3128d9e3 e-con-full e-flex e-con e-child\" data-id=\"3128d9e3\" data-element_type=\"container\" data-e-type=\"container\">\n\t\t<a class=\"elementor-element elementor-element-6d33199a e-con-full ct-mainbox e-flex e-con e-child\" data-id=\"6d33199a\" data-element_type=\"container\" data-e-type=\"container\" data-settings=\"{&quot;background_background&quot;:&quot;classic&quot;}\" href=\"\/probes\/product-category\/applications\/fm\/\">\n\t\t\t\t<div class=\"elementor-element elementor-element-6a55b716 elementor-widget elementor-widget-heading\" data-id=\"6a55b716\" data-element_type=\"widget\" data-e-type=\"widget\" data-widget_type=\"heading.default\">\n\t\t\t\t\t<h2 class=\"elementor-heading-title elementor-size-default\">Produits associ\u00e9s<\/h2>\t\t\t\t<\/div>\n\t\t\t\t<\/a>\n\t\t<div class=\"elementor-element elementor-element-2319f7a e-con-full e-grid e-con e-child\" data-id=\"2319f7a\" data-element_type=\"container\" data-e-type=\"container\">\n\t\t<a class=\"elementor-element elementor-element-3c5c73cb e-con-full e-flex e-con e-child\" data-id=\"3c5c73cb\" data-element_type=\"container\" data-e-type=\"container\" data-settings=\"{&quot;background_background&quot;:&quot;classic&quot;}\" href=\"\/pmcl-ac240ts\/\" target=\"_blank\">\n\t\t\t\t<div class=\"elementor-element elementor-element-18b31d41 elementor-widget elementor-widget-heading\" data-id=\"18b31d41\" data-element_type=\"widget\" data-e-type=\"widget\" data-widget_type=\"heading.default\">\n\t\t\t\t\t<h2 class=\"elementor-heading-title elementor-size-default\">PMCL-AC240TS<\/h2>\t\t\t\t<\/div>\n\t\t\t\t<div class=\"elementor-element elementor-element-623017d2 elementor-widget__width-initial elementor-widget elementor-widget-text-editor\" data-id=\"623017d2\" data-element_type=\"widget\" data-e-type=\"widget\" data-widget_type=\"text-editor.default\">\n\t\t\t\t\t\t\t\t\t<p>\u2022 Rev\u00eatement d'aluminium face reflex<\/p><p>\u2022 Fr\u00e9q. de r\u00e9sonance (F) : <strong>70 kHz<\/strong><\/p><p>\u2022 Constante de raideur (K) : <strong>2 N\/m<\/strong><\/p>\t\t\t\t\t\t\t\t<\/div>\n\t\t\t\t<\/a>\n\t\t<div class=\"elementor-element elementor-element-294ed1cb e-con-full e-flex e-con e-child\" data-id=\"294ed1cb\" data-element_type=\"container\" data-e-type=\"container\" data-settings=\"{&quot;background_background&quot;:&quot;classic&quot;}\">\n\t\t\t\t<div class=\"elementor-element elementor-element-5dbca2bf elementor-widget elementor-widget-heading\" data-id=\"5dbca2bf\" data-element_type=\"widget\" data-e-type=\"widget\" data-widget_type=\"heading.default\">\n\t\t\t\t\t<h2 class=\"elementor-heading-title elementor-size-default\">OMCL-TR800PSA<\/h2>\t\t\t\t<\/div>\n\t\t\t\t<div class=\"elementor-element elementor-element-62c01d40 elementor-widget__width-initial elementor-widget elementor-widget-text-editor\" data-id=\"62c01d40\" data-element_type=\"widget\" data-e-type=\"widget\" data-widget_type=\"text-editor.default\">\n\t\t\t\t\t\t\t\t\t<p>\u2022 Rev\u00eatement d'aluminium face reflex<\/p>\n<p>\u2022 Fr\u00e9q. de r\u00e9sonance (F) : <strong>73\/24 kHz<\/strong><\/p>\n<p>\u2022 Constante de raideur (K) : <strong>0.57\/0.15 N\/m<\/strong><\/p>\t\t\t\t\t\t\t\t<\/div>\n\t\t\t\t<div class=\"elementor-element elementor-element-6cb1357 elementor-absolute elementor-widget elementor-widget-button\" data-id=\"6cb1357\" data-element_type=\"widget\" data-e-type=\"widget\" data-settings=\"{&quot;_position&quot;:&quot;absolute&quot;}\" data-widget_type=\"button.default\">\n\t\t\t\t\t\t\t\t\t\t<a class=\"elementor-button elementor-button-link elementor-size-sm\" href=\"\/contact\/\" target=\"_blank\">\n\t\t\t\t\t\t<span class=\"elementor-button-content-wrapper\">\n\t\t\t\t\t\t\t\t\t<span class=\"elementor-button-text\">Demander<\/span>\n\t\t\t\t\t<\/span>\n\t\t\t\t\t<\/a>\n\t\t\t\t\t\t\t\t<\/div>\n\t\t\t\t<\/div>\n\t\t<div class=\"elementor-element elementor-element-4851457 e-con-full e-flex e-con e-child\" data-id=\"4851457\" data-element_type=\"container\" data-e-type=\"container\" data-settings=\"{&quot;background_background&quot;:&quot;classic&quot;}\">\n\t\t\t\t<div class=\"elementor-element elementor-element-ab28739 elementor-widget elementor-widget-heading\" data-id=\"ab28739\" data-element_type=\"widget\" data-e-type=\"widget\" data-widget_type=\"heading.default\">\n\t\t\t\t\t<h2 class=\"elementor-heading-title elementor-size-default\">OMCL-TR400PSA<\/h2>\t\t\t\t<\/div>\n\t\t\t\t<div class=\"elementor-element elementor-element-8e1a745 elementor-widget__width-initial elementor-widget elementor-widget-text-editor\" data-id=\"8e1a745\" data-element_type=\"widget\" data-e-type=\"widget\" data-widget_type=\"text-editor.default\">\n\t\t\t\t\t\t\t\t\t<p>\u2022 Rev\u00eatement d'aluminium face reflex<\/p><p>\u2022 Fr\u00e9q. de r\u00e9sonance (F) : <strong>34\/11 kHz<\/strong><\/p><p>\u2022 Constante de raideur (K) : <strong>0.08\/0.02 N\/m<\/strong><\/p>\t\t\t\t\t\t\t\t<\/div>\n\t\t\t\t<div class=\"elementor-element elementor-element-e1bb447 elementor-absolute elementor-widget elementor-widget-button\" data-id=\"e1bb447\" data-element_type=\"widget\" data-e-type=\"widget\" data-settings=\"{&quot;_position&quot;:&quot;absolute&quot;}\" data-widget_type=\"button.default\">\n\t\t\t\t\t\t\t\t\t\t<a class=\"elementor-button elementor-button-link elementor-size-sm\" href=\"\/contact\/\" target=\"_blank\">\n\t\t\t\t\t\t<span class=\"elementor-button-content-wrapper\">\n\t\t\t\t\t\t\t\t\t<span class=\"elementor-button-text\">Demander<\/span>\n\t\t\t\t\t<\/span>\n\t\t\t\t\t<\/a>\n\t\t\t\t\t\t\t\t<\/div>\n\t\t\t\t<\/div>\n\t\t\t\t<\/div>\n\t\t\t\t<\/div>\n\t\t\t\t\t<\/div>\n\t\t\t\t<\/div>\n\t\t<div class=\"elementor-element elementor-element-1cabfb70 e-flex e-con-boxed e-con e-parent\" data-id=\"1cabfb70\" data-element_type=\"container\" data-e-type=\"container\" data-settings=\"{&quot;background_background&quot;:&quot;classic&quot;}\">\n\t\t\t\t\t<div class=\"e-con-inner\">\n\t\t<div class=\"elementor-element elementor-element-632f6121 e-con-full e-flex e-con e-child\" data-id=\"632f6121\" data-element_type=\"container\" data-e-type=\"container\">\n\t\t\t\t<div class=\"elementor-element elementor-element-231da26e elementor-widget elementor-widget-heading\" data-id=\"231da26e\" data-element_type=\"widget\" data-e-type=\"widget\" data-widget_type=\"heading.default\">\n\t\t\t\t\t<h2 class=\"elementor-heading-title elementor-size-default\">Rejoignez-nous d\u00e8s aujourd'hui !<\/h2>\t\t\t\t<\/div>\n\t\t\t\t<div class=\"elementor-element elementor-element-4129d791 elementor-align-center elementor-widget elementor-widget-button\" data-id=\"4129d791\" data-element_type=\"widget\" data-e-type=\"widget\" data-widget_type=\"button.default\">\n\t\t\t\t\t\t\t\t\t\t<a class=\"elementor-button elementor-size-sm\" role=\"button\">\n\t\t\t\t\t\t<span class=\"elementor-button-content-wrapper\">\n\t\t\t\t\t\t\t\t\t<span class=\"elementor-button-text\">S'inscrire<\/span>\n\t\t\t\t\t<\/span>\n\t\t\t\t\t<\/a>\n\t\t\t\t\t\t\t\t<\/div>\n\t\t\t\t<\/div>\n\t\t\t\t\t<\/div>\n\t\t\t\t<\/div>\n\t\t\t\t<\/div>","protected":false},"excerpt":{"rendered":"<p>Force Modulation Force modulation techniques allow AFM probes to measure variations in local mechanical properties such as stiffness and elasticity. This method enables nanoscale mapping of material heterogeneity in polymers, composites, and biological samples. DNA Strand Stretching curve of DNA strand Related Products PMCL-AC240TS \u2022 Reflex side aluminium coating \u2022 Resonance Freq. (F): 70 kHz [&hellip;]<\/p>\n","protected":false},"author":1,"featured_media":0,"parent":1167,"menu_order":0,"comment_status":"closed","ping_status":"closed","template":"elementor_header_footer","meta":{"footnotes":""},"class_list":["post-1350","page","type-page","status-publish","hentry"],"blocksy_meta":[],"_links":{"self":[{"href":"https:\/\/nouveltica.com\/fr\/wp-json\/wp\/v2\/pages\/1350","targetHints":{"allow":["GET"]}}],"collection":[{"href":"https:\/\/nouveltica.com\/fr\/wp-json\/wp\/v2\/pages"}],"about":[{"href":"https:\/\/nouveltica.com\/fr\/wp-json\/wp\/v2\/types\/page"}],"author":[{"embeddable":true,"href":"https:\/\/nouveltica.com\/fr\/wp-json\/wp\/v2\/users\/1"}],"replies":[{"embeddable":true,"href":"https:\/\/nouveltica.com\/fr\/wp-json\/wp\/v2\/comments?post=1350"}],"version-history":[{"count":0,"href":"https:\/\/nouveltica.com\/fr\/wp-json\/wp\/v2\/pages\/1350\/revisions"}],"up":[{"embeddable":true,"href":"https:\/\/nouveltica.com\/fr\/wp-json\/wp\/v2\/pages\/1167"}],"wp:attachment":[{"href":"https:\/\/nouveltica.com\/fr\/wp-json\/wp\/v2\/media?parent=1350"}],"curies":[{"name":"WordPress","href":"https:\/\/api.w.org\/{rel}","templated":true}]}}