{"id":1332,"date":"2026-03-13T17:54:41","date_gmt":"2026-03-13T17:54:41","guid":{"rendered":"http:\/\/rvokxtc.cluster121.hosting.ovh.net\/?page_id=1332"},"modified":"2026-04-01T20:37:54","modified_gmt":"2026-04-01T19:37:54","slug":"biological-applications","status":"publish","type":"page","link":"https:\/\/nouveltica.com\/fr\/applications\/biological-applications\/","title":{"rendered":"Applications biologiques"},"content":{"rendered":"<div data-elementor-type=\"wp-page\" data-elementor-id=\"1332\" class=\"elementor elementor-1332\">\n\t\t\t\t<div class=\"elementor-element elementor-element-5854098d e-flex e-con-boxed e-con e-parent\" data-id=\"5854098d\" data-element_type=\"container\" data-e-type=\"container\" data-settings=\"{&quot;background_background&quot;:&quot;classic&quot;}\">\n\t\t\t\t\t<div class=\"e-con-inner\">\n\t\t\t\t<div class=\"elementor-element elementor-element-517b218f elementor-widget elementor-widget-shortcode\" data-id=\"517b218f\" data-element_type=\"widget\" data-e-type=\"widget\" data-widget_type=\"shortcode.default\">\n\t\t\t\t\t\t\t<div class=\"elementor-shortcode\"><\/div>\n\t\t\t\t\t\t<\/div>\n\t\t\t\t<div class=\"elementor-element elementor-element-2505c754 elementor-widget elementor-widget-heading\" data-id=\"2505c754\" data-element_type=\"widget\" data-e-type=\"widget\" data-widget_type=\"heading.default\">\n\t\t\t\t\t<h2 class=\"elementor-heading-title elementor-size-default\">Applications biologiques<\/h2>\t\t\t\t<\/div>\n\t\t\t\t\t<\/div>\n\t\t\t\t<\/div>\n\t\t<div class=\"elementor-element elementor-element-3785c683 e-flex e-con-boxed e-con e-parent\" data-id=\"3785c683\" data-element_type=\"container\" data-e-type=\"container\">\n\t\t\t\t\t<div class=\"e-con-inner\">\n\t\t\t\t<div class=\"elementor-element elementor-element-3b906cbe elementor-widget__width-inherit elementor-widget elementor-widget-text-editor\" data-id=\"3b906cbe\" data-element_type=\"widget\" data-e-type=\"widget\" data-widget_type=\"text-editor.default\">\n\t\t\t\t\t\t\t\t\t<p>Les sondes AFM permettent l'imagerie \u00e0 haute r\u00e9solution d'\u00e9chantillons biologiques dans des environnements ambiants ou liquides, permettant aux chercheurs d'\u00e9tudier les cellules, les membranes, les prot\u00e9ines et les structures biomol\u00e9culaires avec une pr\u00e9cision \u00e0 l'\u00e9chelle nanom\u00e9trique.<\/p>\t\t\t\t\t\t\t\t<\/div>\n\t\t<div class=\"elementor-element elementor-element-2c39bba1 e-con-full e-grid e-con e-child\" data-id=\"2c39bba1\" data-element_type=\"container\" data-e-type=\"container\">\n\t\t\t\t<div class=\"elementor-element elementor-element-35fb94d2 elementor-widget__width-initial elementor-position-top elementor-widget elementor-widget-image-box\" data-id=\"35fb94d2\" data-element_type=\"widget\" data-e-type=\"widget\" data-widget_type=\"image-box.default\">\n\t\t\t\t\t<div class=\"elementor-image-box-wrapper\"><figure class=\"elementor-image-box-img\"><img fetchpriority=\"high\" decoding=\"async\" width=\"1710\" height=\"1256\" src=\"https:\/\/nouveltica.com\/wp-content\/uploads\/2026\/03\/Bio-1.png\" class=\"attachment-full size-full wp-image-1339\" alt=\"\" srcset=\"https:\/\/nouveltica.com\/wp-content\/uploads\/2026\/03\/Bio-1.png 1710w, https:\/\/nouveltica.com\/wp-content\/uploads\/2026\/03\/Bio-1-300x220.png 300w, https:\/\/nouveltica.com\/wp-content\/uploads\/2026\/03\/Bio-1-1024x752.png 1024w, https:\/\/nouveltica.com\/wp-content\/uploads\/2026\/03\/Bio-1-768x564.png 768w, https:\/\/nouveltica.com\/wp-content\/uploads\/2026\/03\/Bio-1-1536x1128.png 1536w, https:\/\/nouveltica.com\/wp-content\/uploads\/2026\/03\/Bio-1-600x441.png 600w\" sizes=\"(max-width: 1710px) 100vw, 1710px\" \/><\/figure><div class=\"elementor-image-box-content\"><h3 class=\"elementor-image-box-title\">Structure de l'ADN<\/h3><p class=\"elementor-image-box-description\">R\u00e9sultats de balayage de la structure de l'ADN dans l'eau<\/p><\/div><\/div>\t\t\t\t<\/div>\n\t\t\t\t<div class=\"elementor-element elementor-element-15716d04 elementor-widget__width-initial elementor-position-top elementor-widget elementor-widget-image-box\" data-id=\"15716d04\" data-element_type=\"widget\" data-e-type=\"widget\" data-widget_type=\"image-box.default\">\n\t\t\t\t\t<div class=\"elementor-image-box-wrapper\"><figure class=\"elementor-image-box-img\"><img decoding=\"async\" width=\"1756\" height=\"1042\" src=\"https:\/\/nouveltica.com\/wp-content\/uploads\/2026\/03\/Bio-2.png\" class=\"attachment-full size-full wp-image-1340\" alt=\"\" srcset=\"https:\/\/nouveltica.com\/wp-content\/uploads\/2026\/03\/Bio-2.png 1756w, https:\/\/nouveltica.com\/wp-content\/uploads\/2026\/03\/Bio-2-300x178.png 300w, https:\/\/nouveltica.com\/wp-content\/uploads\/2026\/03\/Bio-2-1024x608.png 1024w, https:\/\/nouveltica.com\/wp-content\/uploads\/2026\/03\/Bio-2-768x456.png 768w, https:\/\/nouveltica.com\/wp-content\/uploads\/2026\/03\/Bio-2-1536x911.png 1536w, https:\/\/nouveltica.com\/wp-content\/uploads\/2026\/03\/Bio-2-600x356.png 600w\" sizes=\"(max-width: 1756px) 100vw, 1756px\" \/><\/figure><div class=\"elementor-image-box-content\"><h3 class=\"elementor-image-box-title\">ADN plasmidique<\/h3><p class=\"elementor-image-box-description\">R\u00e9sultats de balayage de l'ADN plasmidique surenroul\u00e9 dans l'eau<\/p><\/div><\/div>\t\t\t\t<\/div>\n\t\t\t\t<div class=\"elementor-element elementor-element-5598baa3 elementor-widget__width-initial elementor-position-top elementor-widget elementor-widget-image-box\" data-id=\"5598baa3\" data-element_type=\"widget\" data-e-type=\"widget\" data-widget_type=\"image-box.default\">\n\t\t\t\t\t<div class=\"elementor-image-box-wrapper\"><figure class=\"elementor-image-box-img\"><img decoding=\"async\" width=\"1900\" height=\"1244\" src=\"https:\/\/nouveltica.com\/wp-content\/uploads\/2026\/03\/Bio-3.png\" class=\"attachment-full size-full wp-image-1341\" alt=\"\" srcset=\"https:\/\/nouveltica.com\/wp-content\/uploads\/2026\/03\/Bio-3.png 1900w, https:\/\/nouveltica.com\/wp-content\/uploads\/2026\/03\/Bio-3-300x196.png 300w, https:\/\/nouveltica.com\/wp-content\/uploads\/2026\/03\/Bio-3-1024x670.png 1024w, https:\/\/nouveltica.com\/wp-content\/uploads\/2026\/03\/Bio-3-768x503.png 768w, https:\/\/nouveltica.com\/wp-content\/uploads\/2026\/03\/Bio-3-1536x1006.png 1536w, https:\/\/nouveltica.com\/wp-content\/uploads\/2026\/03\/Bio-3-600x393.png 600w\" sizes=\"(max-width: 1900px) 100vw, 1900px\" \/><\/figure><div class=\"elementor-image-box-content\"><h3 class=\"elementor-image-box-title\">Streptavidine<\/h3><p class=\"elementor-image-box-description\">R\u00e9sultats de balayage de la prot\u00e9ine Streptavidine<\/p><\/div><\/div>\t\t\t\t<\/div>\n\t\t\t\t<div class=\"elementor-element elementor-element-7eaeb2f8 elementor-widget__width-initial elementor-position-top elementor-widget elementor-widget-image-box\" data-id=\"7eaeb2f8\" data-element_type=\"widget\" data-e-type=\"widget\" data-widget_type=\"image-box.default\">\n\t\t\t\t\t<div class=\"elementor-image-box-wrapper\"><figure class=\"elementor-image-box-img\"><img loading=\"lazy\" decoding=\"async\" width=\"988\" height=\"986\" src=\"https:\/\/nouveltica.com\/wp-content\/uploads\/2026\/03\/Bio-4.png\" class=\"attachment-full size-full wp-image-1342\" alt=\"\" srcset=\"https:\/\/nouveltica.com\/wp-content\/uploads\/2026\/03\/Bio-4.png 988w, https:\/\/nouveltica.com\/wp-content\/uploads\/2026\/03\/Bio-4-300x300.png 300w, https:\/\/nouveltica.com\/wp-content\/uploads\/2026\/03\/Bio-4-150x150.png 150w, https:\/\/nouveltica.com\/wp-content\/uploads\/2026\/03\/Bio-4-768x766.png 768w, https:\/\/nouveltica.com\/wp-content\/uploads\/2026\/03\/Bio-4-600x599.png 600w, https:\/\/nouveltica.com\/wp-content\/uploads\/2026\/03\/Bio-4-100x100.png 100w\" sizes=\"(max-width: 988px) 100vw, 988px\" \/><\/figure><div class=\"elementor-image-box-content\"><h3 class=\"elementor-image-box-title\">Bact\u00e9riorhodopsine<\/h3><p class=\"elementor-image-box-description\">Observation \u00e0 haute r\u00e9solution de la bact\u00e9riorhodopsine<\/p><\/div><\/div>\t\t\t\t<\/div>\n\t\t\t\t<\/div>\n\t\t\t\t\t<\/div>\n\t\t\t\t<\/div>\n\t\t<div class=\"elementor-element elementor-element-1bfd29f7 e-flex e-con-boxed e-con e-parent\" data-id=\"1bfd29f7\" data-element_type=\"container\" data-e-type=\"container\" data-settings=\"{&quot;background_background&quot;:&quot;classic&quot;}\">\n\t\t\t\t\t<div class=\"e-con-inner\">\n\t\t<div class=\"elementor-element elementor-element-58e2bb95 e-con-full e-flex e-con e-child\" data-id=\"58e2bb95\" data-element_type=\"container\" data-e-type=\"container\">\n\t\t<a class=\"elementor-element elementor-element-8677215 e-con-full ct-mainbox e-flex e-con e-child\" data-id=\"8677215\" data-element_type=\"container\" data-e-type=\"container\" data-settings=\"{&quot;background_background&quot;:&quot;classic&quot;}\" href=\"\/probes\/product-category\/applications\/bio\/\">\n\t\t\t\t<div class=\"elementor-element elementor-element-67adfe68 elementor-widget elementor-widget-heading\" data-id=\"67adfe68\" data-element_type=\"widget\" data-e-type=\"widget\" data-widget_type=\"heading.default\">\n\t\t\t\t\t<h2 class=\"elementor-heading-title elementor-size-default\">Produits associ\u00e9s<\/h2>\t\t\t\t<\/div>\n\t\t\t\t<\/a>\n\t\t<div class=\"elementor-element elementor-element-5ef517b0 e-con-full e-grid e-con e-child\" data-id=\"5ef517b0\" data-element_type=\"container\" data-e-type=\"container\">\n\t\t<a class=\"elementor-element elementor-element-40864eb7 e-con-full e-flex e-con e-child\" data-id=\"40864eb7\" data-element_type=\"container\" data-e-type=\"container\" data-settings=\"{&quot;background_background&quot;:&quot;classic&quot;}\" href=\"\/pmcl-ac55ts\/\" target=\"_blank\">\n\t\t\t\t<div class=\"elementor-element elementor-element-71e11a0d elementor-widget elementor-widget-heading\" data-id=\"71e11a0d\" data-element_type=\"widget\" data-e-type=\"widget\" data-widget_type=\"heading.default\">\n\t\t\t\t\t<h2 class=\"elementor-heading-title elementor-size-default\">PMCL-AC55TS<\/h2>\t\t\t\t<\/div>\n\t\t\t\t<div class=\"elementor-element elementor-element-148a5d05 elementor-widget__width-initial elementor-widget elementor-widget-text-editor\" data-id=\"148a5d05\" data-element_type=\"widget\" data-e-type=\"widget\" data-widget_type=\"text-editor.default\">\n\t\t\t\t\t\t\t\t\t<p>\u2022 Rev\u00eatement or c\u00f4t\u00e9 r\u00e9flexion<\/p><p>\u2022 Fr\u00e9q. de r\u00e9sonance (F) : <strong>1125 kHz<\/strong><\/p><p>\u2022 Constante de raideur (K) : <strong>85 N\/m<\/strong><\/p>\t\t\t\t\t\t\t\t<\/div>\n\t\t\t\t<\/a>\n\t\t<div class=\"elementor-element elementor-element-514a20a e-con-full e-flex e-con e-child\" data-id=\"514a20a\" data-element_type=\"container\" data-e-type=\"container\" data-settings=\"{&quot;background_background&quot;:&quot;classic&quot;}\">\n\t\t\t\t<div class=\"elementor-element elementor-element-9e7e823 elementor-widget elementor-widget-heading\" data-id=\"9e7e823\" data-element_type=\"widget\" data-e-type=\"widget\" data-widget_type=\"heading.default\">\n\t\t\t\t\t<h2 class=\"elementor-heading-title elementor-size-default\">OMCL-TR800PSA<\/h2>\t\t\t\t<\/div>\n\t\t\t\t<div class=\"elementor-element elementor-element-03d8631 elementor-widget__width-initial elementor-widget elementor-widget-text-editor\" data-id=\"03d8631\" data-element_type=\"widget\" data-e-type=\"widget\" data-widget_type=\"text-editor.default\">\n\t\t\t\t\t\t\t\t\t<p>\u2022 Rev\u00eatement d'aluminium face reflex<\/p>\n<p>\u2022 Fr\u00e9q. de r\u00e9sonance (F) : <strong>73\/24 kHz<\/strong><\/p>\n<p>\u2022 Constante de raideur (K) : <strong>0.57\/0.15 N\/m<\/strong><\/p>\t\t\t\t\t\t\t\t<\/div>\n\t\t\t\t<div class=\"elementor-element elementor-element-da84cd9 elementor-absolute elementor-widget elementor-widget-button\" data-id=\"da84cd9\" data-element_type=\"widget\" data-e-type=\"widget\" data-settings=\"{&quot;_position&quot;:&quot;absolute&quot;}\" data-widget_type=\"button.default\">\n\t\t\t\t\t\t\t\t\t\t<a class=\"elementor-button elementor-button-link elementor-size-sm\" href=\"\/contact\/\" target=\"_blank\">\n\t\t\t\t\t\t<span class=\"elementor-button-content-wrapper\">\n\t\t\t\t\t\t\t\t\t<span class=\"elementor-button-text\">Demander<\/span>\n\t\t\t\t\t<\/span>\n\t\t\t\t\t<\/a>\n\t\t\t\t\t\t\t\t<\/div>\n\t\t\t\t<\/div>\n\t\t<div class=\"elementor-element elementor-element-3b23769 e-con-full e-flex e-con e-child\" data-id=\"3b23769\" data-element_type=\"container\" data-e-type=\"container\" data-settings=\"{&quot;background_background&quot;:&quot;classic&quot;}\">\n\t\t\t\t<div class=\"elementor-element elementor-element-588dc9a elementor-widget elementor-widget-heading\" data-id=\"588dc9a\" data-element_type=\"widget\" data-e-type=\"widget\" data-widget_type=\"heading.default\">\n\t\t\t\t\t<h2 class=\"elementor-heading-title elementor-size-default\">OMCL-TR400PSA<\/h2>\t\t\t\t<\/div>\n\t\t\t\t<div class=\"elementor-element elementor-element-60fcf67 elementor-widget__width-initial elementor-widget elementor-widget-text-editor\" data-id=\"60fcf67\" data-element_type=\"widget\" data-e-type=\"widget\" data-widget_type=\"text-editor.default\">\n\t\t\t\t\t\t\t\t\t<p>\u2022 Rev\u00eatement d'aluminium face reflex<\/p><p>\u2022 Fr\u00e9q. de r\u00e9sonance (F) : <strong>34\/11 kHz<\/strong><\/p><p>\u2022 Constante de raideur (K) : <strong>0.08\/0.02 N\/m<\/strong><\/p>\t\t\t\t\t\t\t\t<\/div>\n\t\t\t\t<div class=\"elementor-element elementor-element-98a9f70 elementor-absolute elementor-widget elementor-widget-button\" data-id=\"98a9f70\" data-element_type=\"widget\" data-e-type=\"widget\" data-settings=\"{&quot;_position&quot;:&quot;absolute&quot;}\" data-widget_type=\"button.default\">\n\t\t\t\t\t\t\t\t\t\t<a class=\"elementor-button elementor-button-link elementor-size-sm\" href=\"\/contact\/\" target=\"_blank\">\n\t\t\t\t\t\t<span class=\"elementor-button-content-wrapper\">\n\t\t\t\t\t\t\t\t\t<span class=\"elementor-button-text\">Demander<\/span>\n\t\t\t\t\t<\/span>\n\t\t\t\t\t<\/a>\n\t\t\t\t\t\t\t\t<\/div>\n\t\t\t\t<\/div>\n\t\t\t\t<\/div>\n\t\t\t\t<\/div>\n\t\t\t\t\t<\/div>\n\t\t\t\t<\/div>\n\t\t<div class=\"elementor-element elementor-element-5ffab96 e-flex e-con-boxed e-con e-parent\" data-id=\"5ffab96\" data-element_type=\"container\" data-e-type=\"container\" data-settings=\"{&quot;background_background&quot;:&quot;classic&quot;}\">\n\t\t\t\t\t<div class=\"e-con-inner\">\n\t\t<div class=\"elementor-element elementor-element-23617801 e-con-full e-flex e-con e-child\" data-id=\"23617801\" data-element_type=\"container\" data-e-type=\"container\">\n\t\t\t\t<div class=\"elementor-element elementor-element-4a2d0765 elementor-widget elementor-widget-heading\" data-id=\"4a2d0765\" data-element_type=\"widget\" data-e-type=\"widget\" data-widget_type=\"heading.default\">\n\t\t\t\t\t<h2 class=\"elementor-heading-title elementor-size-default\">Rejoignez-nous d\u00e8s aujourd'hui !<\/h2>\t\t\t\t<\/div>\n\t\t\t\t<div class=\"elementor-element elementor-element-24bb34e elementor-align-center elementor-widget elementor-widget-button\" data-id=\"24bb34e\" data-element_type=\"widget\" data-e-type=\"widget\" data-widget_type=\"button.default\">\n\t\t\t\t\t\t\t\t\t\t<a class=\"elementor-button elementor-size-sm\" role=\"button\">\n\t\t\t\t\t\t<span class=\"elementor-button-content-wrapper\">\n\t\t\t\t\t\t\t\t\t<span class=\"elementor-button-text\">S'inscrire<\/span>\n\t\t\t\t\t<\/span>\n\t\t\t\t\t<\/a>\n\t\t\t\t\t\t\t\t<\/div>\n\t\t\t\t<\/div>\n\t\t\t\t\t<\/div>\n\t\t\t\t<\/div>\n\t\t\t\t<\/div>","protected":false},"excerpt":{"rendered":"<p>Biological Applications AFM probes enable high-resolution imaging of biological samples under ambient or liquid environments, allowing researchers to study cells, membranes, proteins, and biomolecular structures with nanometer-scale precision. DNA Structure Scanning results of DNA structure in water Plasmid DNA Scanning results of supercoiled plasmid DNA in water Streptavidin Scanning results of Streptavidin protein Bacteriorhodopsin High [&hellip;]<\/p>\n","protected":false},"author":1,"featured_media":0,"parent":1167,"menu_order":0,"comment_status":"closed","ping_status":"closed","template":"elementor_header_footer","meta":{"footnotes":""},"class_list":["post-1332","page","type-page","status-publish","hentry"],"blocksy_meta":[],"_links":{"self":[{"href":"https:\/\/nouveltica.com\/fr\/wp-json\/wp\/v2\/pages\/1332","targetHints":{"allow":["GET"]}}],"collection":[{"href":"https:\/\/nouveltica.com\/fr\/wp-json\/wp\/v2\/pages"}],"about":[{"href":"https:\/\/nouveltica.com\/fr\/wp-json\/wp\/v2\/types\/page"}],"author":[{"embeddable":true,"href":"https:\/\/nouveltica.com\/fr\/wp-json\/wp\/v2\/users\/1"}],"replies":[{"embeddable":true,"href":"https:\/\/nouveltica.com\/fr\/wp-json\/wp\/v2\/comments?post=1332"}],"version-history":[{"count":0,"href":"https:\/\/nouveltica.com\/fr\/wp-json\/wp\/v2\/pages\/1332\/revisions"}],"up":[{"embeddable":true,"href":"https:\/\/nouveltica.com\/fr\/wp-json\/wp\/v2\/pages\/1167"}],"wp:attachment":[{"href":"https:\/\/nouveltica.com\/fr\/wp-json\/wp\/v2\/media?parent=1332"}],"curies":[{"name":"WordPress","href":"https:\/\/api.w.org\/{rel}","templated":true}]}}