{"id":1304,"date":"2026-03-12T18:34:19","date_gmt":"2026-03-12T18:34:19","guid":{"rendered":"http:\/\/rvokxtc.cluster121.hosting.ovh.net\/?page_id=1304"},"modified":"2026-03-23T02:32:48","modified_gmt":"2026-03-23T01:32:48","slug":"electrical-properties","status":"publish","type":"page","link":"https:\/\/nouveltica.com\/fr\/applications\/electrical-properties\/","title":{"rendered":"Propri\u00e9t\u00e9s \u00e9lectriques"},"content":{"rendered":"<div data-elementor-type=\"wp-page\" data-elementor-id=\"1304\" class=\"elementor elementor-1304\">\n\t\t\t\t<div class=\"elementor-element elementor-element-198456a9 e-flex e-con-boxed e-con e-parent\" data-id=\"198456a9\" data-element_type=\"container\" data-e-type=\"container\" data-settings=\"{&quot;background_background&quot;:&quot;classic&quot;}\">\n\t\t\t\t\t<div class=\"e-con-inner\">\n\t\t\t\t<div class=\"elementor-element elementor-element-588927dd elementor-widget elementor-widget-shortcode\" data-id=\"588927dd\" data-element_type=\"widget\" data-e-type=\"widget\" data-widget_type=\"shortcode.default\">\n\t\t\t\t\t\t\t<div class=\"elementor-shortcode\"><\/div>\n\t\t\t\t\t\t<\/div>\n\t\t\t\t<div class=\"elementor-element elementor-element-575b096a elementor-widget elementor-widget-heading\" data-id=\"575b096a\" data-element_type=\"widget\" data-e-type=\"widget\" data-widget_type=\"heading.default\">\n\t\t\t\t\t<h2 class=\"elementor-heading-title elementor-size-default\">Propri\u00e9t\u00e9s \u00e9lectriques<\/h2>\t\t\t\t<\/div>\n\t\t\t\t\t<\/div>\n\t\t\t\t<\/div>\n\t\t<div class=\"elementor-element elementor-element-3ba10c42 e-flex e-con-boxed e-con e-parent\" data-id=\"3ba10c42\" data-element_type=\"container\" data-e-type=\"container\">\n\t\t\t\t\t<div class=\"e-con-inner\">\n\t\t\t\t<div class=\"elementor-element elementor-element-54589881 elementor-widget__width-inherit elementor-widget elementor-widget-text-editor\" data-id=\"54589881\" data-element_type=\"widget\" data-e-type=\"widget\" data-widget_type=\"text-editor.default\">\n\t\t\t\t\t\t\t\t\t<p data-start=\"173\" data-end=\"426\">Les sondes AFM conductrices permettent la caract\u00e9risation \u00e0 l'\u00e9chelle nanom\u00e9trique des propri\u00e9t\u00e9s \u00e9lectriques, y compris la conductivit\u00e9 locale, la distribution du courant et le potentiel de surface \u00e0 travers les dispositifs semi-conducteurs, les films minces et les mat\u00e9riaux fonctionnels.<\/p>\t\t\t\t\t\t\t\t<\/div>\n\t\t<div class=\"elementor-element elementor-element-6c15f0d7 e-con-full e-grid e-con e-child\" data-id=\"6c15f0d7\" data-element_type=\"container\" data-e-type=\"container\">\n\t\t\t\t<div class=\"elementor-element elementor-element-7a233ec8 elementor-widget__width-initial elementor-position-top elementor-widget elementor-widget-image-box\" data-id=\"7a233ec8\" data-element_type=\"widget\" data-e-type=\"widget\" data-widget_type=\"image-box.default\">\n\t\t\t\t\t<div class=\"elementor-image-box-wrapper\"><figure class=\"elementor-image-box-img\"><img fetchpriority=\"high\" decoding=\"async\" width=\"1848\" height=\"932\" src=\"https:\/\/nouveltica.com\/wp-content\/uploads\/2026\/03\/EP-4.png\" class=\"attachment-full size-full wp-image-1327\" alt=\"\" srcset=\"https:\/\/nouveltica.com\/wp-content\/uploads\/2026\/03\/EP-4.png 1848w, https:\/\/nouveltica.com\/wp-content\/uploads\/2026\/03\/EP-4-300x151.png 300w, https:\/\/nouveltica.com\/wp-content\/uploads\/2026\/03\/EP-4-1024x516.png 1024w, https:\/\/nouveltica.com\/wp-content\/uploads\/2026\/03\/EP-4-768x387.png 768w, https:\/\/nouveltica.com\/wp-content\/uploads\/2026\/03\/EP-4-1536x775.png 1536w, https:\/\/nouveltica.com\/wp-content\/uploads\/2026\/03\/EP-4-600x303.png 600w\" sizes=\"(max-width: 1848px) 100vw, 1848px\" \/><\/figure><div class=\"elementor-image-box-content\"><h3 class=\"elementor-image-box-title\">Voies conductrices de la structure de CI<\/h3><p class=\"elementor-image-box-description\">Cartographie et topographie PeakForce TUNA de la structure de CI<\/p><\/div><\/div>\t\t\t\t<\/div>\n\t\t\t\t<\/div>\n\t\t\t\t\t<\/div>\n\t\t\t\t<\/div>\n\t\t<div class=\"elementor-element elementor-element-1e348418 e-flex e-con-boxed e-con e-parent\" data-id=\"1e348418\" data-element_type=\"container\" data-e-type=\"container\" data-settings=\"{&quot;background_background&quot;:&quot;classic&quot;}\">\n\t\t\t\t\t<div class=\"e-con-inner\">\n\t\t<div class=\"elementor-element elementor-element-4ed85fa0 e-con-full e-flex e-con e-child\" data-id=\"4ed85fa0\" data-element_type=\"container\" data-e-type=\"container\">\n\t\t<a class=\"elementor-element elementor-element-65699d80 e-con-full ct-mainbox e-flex e-con e-child\" data-id=\"65699d80\" data-element_type=\"container\" data-e-type=\"container\" data-settings=\"{&quot;background_background&quot;:&quot;classic&quot;}\" href=\"\/probes\/product-category\/applications\/electrical\/\/probes\/product-category\/applications\/electrical\/\">\n\t\t\t\t<div class=\"elementor-element elementor-element-12d11732 elementor-widget elementor-widget-heading\" data-id=\"12d11732\" data-element_type=\"widget\" data-e-type=\"widget\" data-widget_type=\"heading.default\">\n\t\t\t\t\t<h2 class=\"elementor-heading-title elementor-size-default\">Produits associ\u00e9s<\/h2>\t\t\t\t<\/div>\n\t\t\t\t<\/a>\n\t\t<div class=\"elementor-element elementor-element-69cc4ebb e-con-full e-grid e-con e-child\" data-id=\"69cc4ebb\" data-element_type=\"container\" data-e-type=\"container\">\n\t\t<a class=\"elementor-element elementor-element-3d71ed55 e-con-full e-flex e-con e-child\" data-id=\"3d71ed55\" data-element_type=\"container\" data-e-type=\"container\" data-settings=\"{&quot;background_background&quot;:&quot;classic&quot;}\" href=\"\/pmcl-ac240tm\/\" target=\"_blank\">\n\t\t\t\t<div class=\"elementor-element elementor-element-44ff9d66 elementor-widget elementor-widget-heading\" data-id=\"44ff9d66\" data-element_type=\"widget\" data-e-type=\"widget\" data-widget_type=\"heading.default\">\n\t\t\t\t\t<h2 class=\"elementor-heading-title elementor-size-default\">PMCL-AC240TM<\/h2>\t\t\t\t<\/div>\n\t\t\t\t<div class=\"elementor-element elementor-element-7d8c8a6a elementor-widget__width-initial elementor-widget elementor-widget-text-editor\" data-id=\"7d8c8a6a\" data-element_type=\"widget\" data-e-type=\"widget\" data-widget_type=\"text-editor.default\">\n\t\t\t\t\t\t\t\t\t<p>\u2022 Rev\u00eatement d'aluminium face reflex<\/p><p>\u2022 Rev\u00eatement de platine c\u00f4t\u00e9 pointe<\/p><p>\u2022 Fr\u00e9q. de r\u00e9sonance (F) : <strong>70 kHz<\/strong><\/p><p>\u2022 Constante de raideur (K) : <strong>2 N\/m<\/strong><\/p>\t\t\t\t\t\t\t\t<\/div>\n\t\t\t\t<\/a>\n\t\t\t\t<\/div>\n\t\t\t\t<\/div>\n\t\t\t\t\t<\/div>\n\t\t\t\t<\/div>\n\t\t<div class=\"elementor-element elementor-element-1cd14e3c e-flex e-con-boxed e-con e-parent\" data-id=\"1cd14e3c\" data-element_type=\"container\" data-e-type=\"container\" data-settings=\"{&quot;background_background&quot;:&quot;classic&quot;}\">\n\t\t\t\t\t<div class=\"e-con-inner\">\n\t\t<div class=\"elementor-element elementor-element-17509118 e-con-full e-flex e-con e-child\" data-id=\"17509118\" data-element_type=\"container\" data-e-type=\"container\">\n\t\t\t\t<div class=\"elementor-element elementor-element-41e97a1 elementor-widget elementor-widget-heading\" data-id=\"41e97a1\" data-element_type=\"widget\" data-e-type=\"widget\" data-widget_type=\"heading.default\">\n\t\t\t\t\t<h2 class=\"elementor-heading-title elementor-size-default\">Rejoignez-nous d\u00e8s aujourd'hui !<\/h2>\t\t\t\t<\/div>\n\t\t\t\t<div class=\"elementor-element elementor-element-9e92ee6 elementor-align-center elementor-widget elementor-widget-button\" data-id=\"9e92ee6\" data-element_type=\"widget\" data-e-type=\"widget\" data-widget_type=\"button.default\">\n\t\t\t\t\t\t\t\t\t\t<a class=\"elementor-button elementor-size-sm\" role=\"button\">\n\t\t\t\t\t\t<span class=\"elementor-button-content-wrapper\">\n\t\t\t\t\t\t\t\t\t<span class=\"elementor-button-text\">S'inscrire<\/span>\n\t\t\t\t\t<\/span>\n\t\t\t\t\t<\/a>\n\t\t\t\t\t\t\t\t<\/div>\n\t\t\t\t<\/div>\n\t\t\t\t\t<\/div>\n\t\t\t\t<\/div>\n\t\t\t\t<\/div>","protected":false},"excerpt":{"rendered":"<p>Electrical Properties Conductive AFM probes enable nanoscale characterisation of electrical properties, including local conductivity, current distribution, and surface potential across semiconductor devices, thin films, and functional materials. IC Structure Conductive Pathways PeakForce TUNA mapping and topography of IC structure Related Products PMCL-AC240TM \u2022 Reflex side aluminium coating \u2022 Tip side platinum coating \u2022 Resonance Freq. [&hellip;]<\/p>\n","protected":false},"author":1,"featured_media":0,"parent":1167,"menu_order":0,"comment_status":"closed","ping_status":"closed","template":"elementor_header_footer","meta":{"footnotes":""},"class_list":["post-1304","page","type-page","status-publish","hentry"],"blocksy_meta":[],"_links":{"self":[{"href":"https:\/\/nouveltica.com\/fr\/wp-json\/wp\/v2\/pages\/1304","targetHints":{"allow":["GET"]}}],"collection":[{"href":"https:\/\/nouveltica.com\/fr\/wp-json\/wp\/v2\/pages"}],"about":[{"href":"https:\/\/nouveltica.com\/fr\/wp-json\/wp\/v2\/types\/page"}],"author":[{"embeddable":true,"href":"https:\/\/nouveltica.com\/fr\/wp-json\/wp\/v2\/users\/1"}],"replies":[{"embeddable":true,"href":"https:\/\/nouveltica.com\/fr\/wp-json\/wp\/v2\/comments?post=1304"}],"version-history":[{"count":0,"href":"https:\/\/nouveltica.com\/fr\/wp-json\/wp\/v2\/pages\/1304\/revisions"}],"up":[{"embeddable":true,"href":"https:\/\/nouveltica.com\/fr\/wp-json\/wp\/v2\/pages\/1167"}],"wp:attachment":[{"href":"https:\/\/nouveltica.com\/fr\/wp-json\/wp\/v2\/media?parent=1304"}],"curies":[{"name":"WordPress","href":"https:\/\/api.w.org\/{rel}","templated":true}]}}