{"id":1204,"date":"2026-03-12T12:11:39","date_gmt":"2026-03-12T12:11:39","guid":{"rendered":"http:\/\/rvokxtc.cluster121.hosting.ovh.net\/?page_id=1204"},"modified":"2026-03-23T02:32:16","modified_gmt":"2026-03-23T01:32:16","slug":"surface-topography","status":"publish","type":"page","link":"https:\/\/nouveltica.com\/fr\/applications\/surface-topography\/","title":{"rendered":"Topographie de surface"},"content":{"rendered":"<div data-elementor-type=\"wp-page\" data-elementor-id=\"1204\" class=\"elementor elementor-1204\">\n\t\t\t\t<div class=\"elementor-element elementor-element-f2b62e3 e-flex e-con-boxed e-con e-parent\" data-id=\"f2b62e3\" data-element_type=\"container\" data-e-type=\"container\" data-settings=\"{&quot;background_background&quot;:&quot;classic&quot;}\">\n\t\t\t\t\t<div class=\"e-con-inner\">\n\t\t\t\t<div class=\"elementor-element elementor-element-785b0fcd elementor-widget elementor-widget-shortcode\" data-id=\"785b0fcd\" data-element_type=\"widget\" data-e-type=\"widget\" data-widget_type=\"shortcode.default\">\n\t\t\t\t\t\t\t<div class=\"elementor-shortcode\"><\/div>\n\t\t\t\t\t\t<\/div>\n\t\t\t\t<div class=\"elementor-element elementor-element-5849cd39 elementor-widget elementor-widget-heading\" data-id=\"5849cd39\" data-element_type=\"widget\" data-e-type=\"widget\" data-widget_type=\"heading.default\">\n\t\t\t\t\t<h2 class=\"elementor-heading-title elementor-size-default\">Topographie de surface<\/h2>\t\t\t\t<\/div>\n\t\t\t\t\t<\/div>\n\t\t\t\t<\/div>\n\t\t<div class=\"elementor-element elementor-element-5dd08c0 e-flex e-con-boxed e-con e-parent\" data-id=\"5dd08c0\" data-element_type=\"container\" data-e-type=\"container\">\n\t\t\t\t\t<div class=\"e-con-inner\">\n\t\t\t\t<div class=\"elementor-element elementor-element-774b3bd elementor-widget__width-inherit elementor-widget elementor-widget-text-editor\" data-id=\"774b3bd\" data-element_type=\"widget\" data-e-type=\"widget\" data-widget_type=\"text-editor.default\">\n\t\t\t\t\t\t\t\t\t<p>La microscopie \u00e0 force atomique permet une cartographie haute r\u00e9solution de la morphologie de surface \u00e0 l'\u00e9chelle nanom\u00e9trique. Les sondes AFM fournissent des mesures pr\u00e9cises de la rugosit\u00e9 de surface, de la hauteur de marche et des caract\u00e9ristiques structurelles sur une large gamme de mat\u00e9riaux, y compris les semi-conducteurs, les films minces, les polym\u00e8res et les \u00e9chantillons biologiques.<\/p>\t\t\t\t\t\t\t\t<\/div>\n\t\t<div class=\"elementor-element elementor-element-08f429e e-con-full e-grid e-con e-child\" data-id=\"08f429e\" data-element_type=\"container\" data-e-type=\"container\">\n\t\t\t\t<div class=\"elementor-element elementor-element-ec209cf elementor-widget__width-initial elementor-position-top elementor-widget elementor-widget-image-box\" data-id=\"ec209cf\" data-element_type=\"widget\" data-e-type=\"widget\" data-widget_type=\"image-box.default\">\n\t\t\t\t\t<div class=\"elementor-image-box-wrapper\"><figure class=\"elementor-image-box-img\"><img fetchpriority=\"high\" decoding=\"async\" width=\"265\" height=\"265\" src=\"https:\/\/nouveltica.com\/wp-content\/uploads\/2026\/03\/Topo-1.jpg\" class=\"attachment-full size-full wp-image-1236\" alt=\"\" srcset=\"https:\/\/nouveltica.com\/wp-content\/uploads\/2026\/03\/Topo-1.jpg 265w, https:\/\/nouveltica.com\/wp-content\/uploads\/2026\/03\/Topo-1-150x150.jpg 150w, https:\/\/nouveltica.com\/wp-content\/uploads\/2026\/03\/Topo-1-100x100.jpg 100w\" sizes=\"(max-width: 265px) 100vw, 265px\" \/><\/figure><div class=\"elementor-image-box-content\"><h3 class=\"elementor-image-box-title\">Structure de tranche (1)<\/h3><p class=\"elementor-image-box-description\">R\u00e9sultats de balayage de la structure de tranche \u00e0 l'\u00e9chelle nanom\u00e9trique<\/p><\/div><\/div>\t\t\t\t<\/div>\n\t\t\t\t<div class=\"elementor-element elementor-element-bfd145a elementor-widget__width-initial elementor-position-top elementor-widget elementor-widget-image-box\" data-id=\"bfd145a\" data-element_type=\"widget\" data-e-type=\"widget\" data-widget_type=\"image-box.default\">\n\t\t\t\t\t<div class=\"elementor-image-box-wrapper\"><figure class=\"elementor-image-box-img\"><img decoding=\"async\" width=\"265\" height=\"265\" src=\"https:\/\/nouveltica.com\/wp-content\/uploads\/2026\/03\/Topo-2.jpg\" class=\"attachment-full size-full wp-image-1287\" alt=\"\" srcset=\"https:\/\/nouveltica.com\/wp-content\/uploads\/2026\/03\/Topo-2.jpg 265w, https:\/\/nouveltica.com\/wp-content\/uploads\/2026\/03\/Topo-2-150x150.jpg 150w, https:\/\/nouveltica.com\/wp-content\/uploads\/2026\/03\/Topo-2-100x100.jpg 100w\" sizes=\"(max-width: 265px) 100vw, 265px\" \/><\/figure><div class=\"elementor-image-box-content\"><h3 class=\"elementor-image-box-title\">Structure de tranche (2)<\/h3><p class=\"elementor-image-box-description\">R\u00e9sultats de balayage des bosses structurelles sur la tranche<\/p><\/div><\/div>\t\t\t\t<\/div>\n\t\t\t\t<div class=\"elementor-element elementor-element-5824d76 elementor-widget__width-initial elementor-position-top elementor-widget elementor-widget-image-box\" data-id=\"5824d76\" data-element_type=\"widget\" data-e-type=\"widget\" data-widget_type=\"image-box.default\">\n\t\t\t\t\t<div class=\"elementor-image-box-wrapper\"><figure class=\"elementor-image-box-img\"><img decoding=\"async\" width=\"265\" height=\"265\" src=\"https:\/\/nouveltica.com\/wp-content\/uploads\/2026\/03\/Topo-7.jpg\" class=\"attachment-full size-full wp-image-1289\" alt=\"\" srcset=\"https:\/\/nouveltica.com\/wp-content\/uploads\/2026\/03\/Topo-7.jpg 265w, https:\/\/nouveltica.com\/wp-content\/uploads\/2026\/03\/Topo-7-150x150.jpg 150w, https:\/\/nouveltica.com\/wp-content\/uploads\/2026\/03\/Topo-7-100x100.jpg 100w\" sizes=\"(max-width: 265px) 100vw, 265px\" \/><\/figure><div class=\"elementor-image-box-content\"><h3 class=\"elementor-image-box-title\">Examen de lentille optique<\/h3><p class=\"elementor-image-box-description\">D\u00e9tection de corps \u00e9tranger sur lentille optique<\/p><\/div><\/div>\t\t\t\t<\/div>\n\t\t\t\t<div class=\"elementor-element elementor-element-1baa6b4 elementor-widget__width-initial elementor-position-top elementor-widget elementor-widget-image-box\" data-id=\"1baa6b4\" data-element_type=\"widget\" data-e-type=\"widget\" data-widget_type=\"image-box.default\">\n\t\t\t\t\t<div class=\"elementor-image-box-wrapper\"><figure class=\"elementor-image-box-img\"><img loading=\"lazy\" decoding=\"async\" width=\"265\" height=\"265\" src=\"https:\/\/nouveltica.com\/wp-content\/uploads\/2026\/03\/Topo-6.jpg\" class=\"attachment-full size-full wp-image-1290\" alt=\"\" srcset=\"https:\/\/nouveltica.com\/wp-content\/uploads\/2026\/03\/Topo-6.jpg 265w, https:\/\/nouveltica.com\/wp-content\/uploads\/2026\/03\/Topo-6-150x150.jpg 150w, https:\/\/nouveltica.com\/wp-content\/uploads\/2026\/03\/Topo-6-100x100.jpg 100w\" sizes=\"(max-width: 265px) 100vw, 265px\" \/><\/figure><div class=\"elementor-image-box-content\"><h3 class=\"elementor-image-box-title\">Structure de micro-lentille<\/h3><p class=\"elementor-image-box-description\">R\u00e9sultats de balayage de la structure de surface de micro-lentille<\/p><\/div><\/div>\t\t\t\t<\/div>\n\t\t\t\t<\/div>\n\t\t<div class=\"elementor-element elementor-element-f6c05dd e-con-full e-grid e-con e-child\" data-id=\"f6c05dd\" data-element_type=\"container\" data-e-type=\"container\">\n\t\t\t\t<div class=\"elementor-element elementor-element-1a5aa40 elementor-widget__width-initial elementor-position-top elementor-widget elementor-widget-image-box\" data-id=\"1a5aa40\" data-element_type=\"widget\" data-e-type=\"widget\" data-widget_type=\"image-box.default\">\n\t\t\t\t\t<div class=\"elementor-image-box-wrapper\"><figure class=\"elementor-image-box-img\"><img loading=\"lazy\" decoding=\"async\" width=\"265\" height=\"265\" src=\"https:\/\/nouveltica.com\/wp-content\/uploads\/2026\/03\/Topo-4.jpg\" class=\"attachment-full size-full wp-image-1291\" alt=\"\" srcset=\"https:\/\/nouveltica.com\/wp-content\/uploads\/2026\/03\/Topo-4.jpg 265w, https:\/\/nouveltica.com\/wp-content\/uploads\/2026\/03\/Topo-4-150x150.jpg 150w, https:\/\/nouveltica.com\/wp-content\/uploads\/2026\/03\/Topo-4-100x100.jpg 100w\" sizes=\"(max-width: 265px) 100vw, 265px\" \/><\/figure><div class=\"elementor-image-box-content\"><h3 class=\"elementor-image-box-title\">Structure de plaque en acier inoxydable<\/h3><p class=\"elementor-image-box-description\">R\u00e9sultats de balayage de la structure topographique sur plaque en acier inoxydable<\/p><\/div><\/div>\t\t\t\t<\/div>\n\t\t\t\t<div class=\"elementor-element elementor-element-2ef8a82 elementor-widget__width-initial elementor-position-top elementor-widget elementor-widget-image-box\" data-id=\"2ef8a82\" data-element_type=\"widget\" data-e-type=\"widget\" data-widget_type=\"image-box.default\">\n\t\t\t\t\t<div class=\"elementor-image-box-wrapper\"><figure class=\"elementor-image-box-img\"><img loading=\"lazy\" decoding=\"async\" width=\"265\" height=\"265\" src=\"https:\/\/nouveltica.com\/wp-content\/uploads\/2026\/03\/Topo-8.jpg\" class=\"attachment-full size-full wp-image-1292\" alt=\"\" srcset=\"https:\/\/nouveltica.com\/wp-content\/uploads\/2026\/03\/Topo-8.jpg 265w, https:\/\/nouveltica.com\/wp-content\/uploads\/2026\/03\/Topo-8-150x150.jpg 150w, https:\/\/nouveltica.com\/wp-content\/uploads\/2026\/03\/Topo-8-100x100.jpg 100w\" sizes=\"(max-width: 265px) 100vw, 265px\" \/><\/figure><div class=\"elementor-image-box-content\"><h3 class=\"elementor-image-box-title\">Structure de feuille de cuivre<\/h3><p class=\"elementor-image-box-description\">R\u00e9sultats de balayage de la structure de surface sur feuille de cuivre<\/p><\/div><\/div>\t\t\t\t<\/div>\n\t\t\t\t<div class=\"elementor-element elementor-element-49d6f05 elementor-widget__width-initial elementor-position-top elementor-widget elementor-widget-image-box\" data-id=\"49d6f05\" data-element_type=\"widget\" data-e-type=\"widget\" data-widget_type=\"image-box.default\">\n\t\t\t\t\t<div class=\"elementor-image-box-wrapper\"><figure class=\"elementor-image-box-img\"><img loading=\"lazy\" decoding=\"async\" width=\"265\" height=\"265\" src=\"https:\/\/nouveltica.com\/wp-content\/uploads\/2026\/03\/Topo-3.jpg\" class=\"attachment-full size-full wp-image-1293\" alt=\"\" srcset=\"https:\/\/nouveltica.com\/wp-content\/uploads\/2026\/03\/Topo-3.jpg 265w, https:\/\/nouveltica.com\/wp-content\/uploads\/2026\/03\/Topo-3-150x150.jpg 150w, https:\/\/nouveltica.com\/wp-content\/uploads\/2026\/03\/Topo-3-100x100.jpg 100w\" sizes=\"(max-width: 265px) 100vw, 265px\" \/><\/figure><div class=\"elementor-image-box-content\"><h3 class=\"elementor-image-box-title\">Structure de film polym\u00e8re<\/h3><p class=\"elementor-image-box-description\">R\u00e9sultats de balayage de la structure topographique sur film polym\u00e8re<\/p><\/div><\/div>\t\t\t\t<\/div>\n\t\t\t\t<div class=\"elementor-element elementor-element-9641bb5 elementor-widget__width-initial elementor-position-top elementor-widget elementor-widget-image-box\" data-id=\"9641bb5\" data-element_type=\"widget\" data-e-type=\"widget\" data-widget_type=\"image-box.default\">\n\t\t\t\t\t<div class=\"elementor-image-box-wrapper\"><figure class=\"elementor-image-box-img\"><img loading=\"lazy\" decoding=\"async\" width=\"265\" height=\"265\" src=\"https:\/\/nouveltica.com\/wp-content\/uploads\/2026\/03\/Topo-9.jpg\" class=\"attachment-full size-full wp-image-1294\" alt=\"\" srcset=\"https:\/\/nouveltica.com\/wp-content\/uploads\/2026\/03\/Topo-9.jpg 265w, https:\/\/nouveltica.com\/wp-content\/uploads\/2026\/03\/Topo-9-150x150.jpg 150w, https:\/\/nouveltica.com\/wp-content\/uploads\/2026\/03\/Topo-9-100x100.jpg 100w\" sizes=\"(max-width: 265px) 100vw, 265px\" \/><\/figure><div class=\"elementor-image-box-content\"><h3 class=\"elementor-image-box-title\">Limite de film mince<\/h3><p class=\"elementor-image-box-description\">Examen par balayage de la structure topographique \u00e0 la limite du film mince<\/p><\/div><\/div>\t\t\t\t<\/div>\n\t\t\t\t<\/div>\n\t\t\t\t\t<\/div>\n\t\t\t\t<\/div>\n\t\t<div class=\"elementor-element elementor-element-49404ad5 e-flex e-con-boxed e-con e-parent\" data-id=\"49404ad5\" data-element_type=\"container\" data-e-type=\"container\" data-settings=\"{&quot;background_background&quot;:&quot;classic&quot;}\">\n\t\t\t\t\t<div class=\"e-con-inner\">\n\t\t<div class=\"elementor-element elementor-element-327f0862 e-con-full e-flex e-con e-child\" data-id=\"327f0862\" data-element_type=\"container\" data-e-type=\"container\">\n\t\t<a class=\"elementor-element elementor-element-4c333e21 e-con-full ct-mainbox e-flex e-con e-child\" data-id=\"4c333e21\" data-element_type=\"container\" data-e-type=\"container\" data-settings=\"{&quot;background_background&quot;:&quot;classic&quot;}\" href=\"\/probes\/product-category\/applications\/topo\/\">\n\t\t\t\t<div class=\"elementor-element elementor-element-17308c4 elementor-widget elementor-widget-heading\" data-id=\"17308c4\" data-element_type=\"widget\" data-e-type=\"widget\" data-widget_type=\"heading.default\">\n\t\t\t\t\t<h2 class=\"elementor-heading-title elementor-size-default\">Produits associ\u00e9s<\/h2>\t\t\t\t<\/div>\n\t\t\t\t<\/a>\n\t\t<div class=\"elementor-element elementor-element-73b62f6 e-con-full e-grid e-con e-child\" data-id=\"73b62f6\" data-element_type=\"container\" data-e-type=\"container\">\n\t\t<a class=\"elementor-element elementor-element-24cd52c e-con-full e-flex e-con e-child\" data-id=\"24cd52c\" data-element_type=\"container\" data-e-type=\"container\" data-settings=\"{&quot;background_background&quot;:&quot;classic&quot;}\" href=\"\/omcl-ac160ts-\" target=\"_blank\">\n\t\t\t\t<div class=\"elementor-element elementor-element-dc55b12 elementor-widget elementor-widget-heading\" data-id=\"dc55b12\" data-element_type=\"widget\" data-e-type=\"widget\" data-widget_type=\"heading.default\">\n\t\t\t\t\t<h2 class=\"elementor-heading-title elementor-size-default\">PMCL-AC160TS<\/h2>\t\t\t\t<\/div>\n\t\t\t\t<div class=\"elementor-element elementor-element-483c281 elementor-widget__width-initial elementor-widget elementor-widget-text-editor\" data-id=\"483c281\" data-element_type=\"widget\" data-e-type=\"widget\" data-widget_type=\"text-editor.default\">\n\t\t\t\t\t\t\t\t\t<p>\u2022 Rev\u00eatement d'aluminium face reflex<\/p><p>\u2022 Fr\u00e9q. de r\u00e9sonance (F) : <strong>300 kHz<\/strong><\/p><p>\u2022 Constante de raideur (K) : <strong>26 N\/m<\/strong><\/p>\t\t\t\t\t\t\t\t<\/div>\n\t\t\t\t<\/a>\n\t\t<a class=\"elementor-element elementor-element-323ff57 e-con-full e-flex e-con e-child\" data-id=\"323ff57\" data-element_type=\"container\" data-e-type=\"container\" data-settings=\"{&quot;background_background&quot;:&quot;classic&quot;}\" href=\"\/pmcl-ac200ts\/\" target=\"_blank\">\n\t\t\t\t<div class=\"elementor-element elementor-element-9152aff elementor-widget elementor-widget-heading\" data-id=\"9152aff\" data-element_type=\"widget\" data-e-type=\"widget\" data-widget_type=\"heading.default\">\n\t\t\t\t\t<h2 class=\"elementor-heading-title elementor-size-default\">PMCL-AC200TS<\/h2>\t\t\t\t<\/div>\n\t\t\t\t<div class=\"elementor-element elementor-element-8bc30df elementor-widget__width-initial elementor-widget elementor-widget-text-editor\" data-id=\"8bc30df\" data-element_type=\"widget\" data-e-type=\"widget\" data-widget_type=\"text-editor.default\">\n\t\t\t\t\t\t\t\t\t<p>\u2022 Rev\u00eatement d'aluminium face reflex<\/p><p>\u2022 Fr\u00e9q. de r\u00e9sonance (F) : <strong>150 kHz<\/strong><\/p><p>\u2022 Constante de raideur (K) : <strong>9 N\/m<\/strong><\/p>\t\t\t\t\t\t\t\t<\/div>\n\t\t\t\t<\/a>\n\t\t<a class=\"elementor-element elementor-element-c8946b1 e-con-full e-flex e-con e-child\" data-id=\"c8946b1\" data-element_type=\"container\" data-e-type=\"container\" data-settings=\"{&quot;background_background&quot;:&quot;classic&quot;}\" href=\"\/pmcl-ac240ts\/\" target=\"_blank\">\n\t\t\t\t<div class=\"elementor-element elementor-element-6fa3109 elementor-widget elementor-widget-heading\" data-id=\"6fa3109\" data-element_type=\"widget\" data-e-type=\"widget\" data-widget_type=\"heading.default\">\n\t\t\t\t\t<h2 class=\"elementor-heading-title elementor-size-default\">PMCL-AC240TS<\/h2>\t\t\t\t<\/div>\n\t\t\t\t<div class=\"elementor-element elementor-element-784d8da elementor-widget__width-initial elementor-widget elementor-widget-text-editor\" data-id=\"784d8da\" data-element_type=\"widget\" data-e-type=\"widget\" data-widget_type=\"text-editor.default\">\n\t\t\t\t\t\t\t\t\t<p>\u2022 Rev\u00eatement d'aluminium face reflex<\/p><p>\u2022 Fr\u00e9q. de r\u00e9sonance (F) : <strong>70 kHz<\/strong><\/p><p>\u2022 Constante de raideur (K) : <strong>2 N\/m<\/strong><\/p>\t\t\t\t\t\t\t\t<\/div>\n\t\t\t\t<\/a>\n\t\t\t\t<\/div>\n\t\t\t\t<\/div>\n\t\t\t\t\t<\/div>\n\t\t\t\t<\/div>\n\t\t<div class=\"elementor-element elementor-element-133757d2 e-flex e-con-boxed e-con e-parent\" data-id=\"133757d2\" data-element_type=\"container\" data-e-type=\"container\" data-settings=\"{&quot;background_background&quot;:&quot;classic&quot;}\">\n\t\t\t\t\t<div class=\"e-con-inner\">\n\t\t<div class=\"elementor-element elementor-element-710b055b e-con-full e-flex e-con e-child\" data-id=\"710b055b\" data-element_type=\"container\" data-e-type=\"container\">\n\t\t\t\t<div class=\"elementor-element elementor-element-4c25223a elementor-widget elementor-widget-heading\" data-id=\"4c25223a\" data-element_type=\"widget\" data-e-type=\"widget\" data-widget_type=\"heading.default\">\n\t\t\t\t\t<h2 class=\"elementor-heading-title elementor-size-default\">Rejoignez-nous d\u00e8s aujourd'hui !<\/h2>\t\t\t\t<\/div>\n\t\t\t\t<div class=\"elementor-element elementor-element-5a04d800 elementor-align-center elementor-widget elementor-widget-button\" data-id=\"5a04d800\" data-element_type=\"widget\" data-e-type=\"widget\" data-widget_type=\"button.default\">\n\t\t\t\t\t\t\t\t\t\t<a class=\"elementor-button elementor-size-sm\" role=\"button\">\n\t\t\t\t\t\t<span class=\"elementor-button-content-wrapper\">\n\t\t\t\t\t\t\t\t\t<span class=\"elementor-button-text\">S'inscrire<\/span>\n\t\t\t\t\t<\/span>\n\t\t\t\t\t<\/a>\n\t\t\t\t\t\t\t\t<\/div>\n\t\t\t\t<\/div>\n\t\t\t\t\t<\/div>\n\t\t\t\t<\/div>\n\t\t\t\t<\/div>","protected":false},"excerpt":{"rendered":"<p>Surface Topography Atomic Force Microscopy enables high-resolution mapping of surface morphology at the nanoscale. AFM probes provide precise measurements of surface roughness, step height, and structural features across a wide range of materials, including semiconductors, thin films, polymers, and biological samples Wafer Structure (1) Scanning results of wafer structure on a nanometer scale Wafer Structure [&hellip;]<\/p>\n","protected":false},"author":1,"featured_media":0,"parent":1167,"menu_order":0,"comment_status":"closed","ping_status":"closed","template":"elementor_header_footer","meta":{"footnotes":""},"class_list":["post-1204","page","type-page","status-publish","hentry"],"blocksy_meta":[],"_links":{"self":[{"href":"https:\/\/nouveltica.com\/fr\/wp-json\/wp\/v2\/pages\/1204","targetHints":{"allow":["GET"]}}],"collection":[{"href":"https:\/\/nouveltica.com\/fr\/wp-json\/wp\/v2\/pages"}],"about":[{"href":"https:\/\/nouveltica.com\/fr\/wp-json\/wp\/v2\/types\/page"}],"author":[{"embeddable":true,"href":"https:\/\/nouveltica.com\/fr\/wp-json\/wp\/v2\/users\/1"}],"replies":[{"embeddable":true,"href":"https:\/\/nouveltica.com\/fr\/wp-json\/wp\/v2\/comments?post=1204"}],"version-history":[{"count":0,"href":"https:\/\/nouveltica.com\/fr\/wp-json\/wp\/v2\/pages\/1204\/revisions"}],"up":[{"embeddable":true,"href":"https:\/\/nouveltica.com\/fr\/wp-json\/wp\/v2\/pages\/1167"}],"wp:attachment":[{"href":"https:\/\/nouveltica.com\/fr\/wp-json\/wp\/v2\/media?parent=1204"}],"curies":[{"name":"WordPress","href":"https:\/\/api.w.org\/{rel}","templated":true}]}}